{"id":2,"date":"2020-06-06T18:13:03","date_gmt":"2020-06-06T16:13:03","guid":{"rendered":"https:\/\/www.atlascontrole.be\/?page_id=2"},"modified":"2026-03-27T13:24:03","modified_gmt":"2026-03-27T12:24:03","slug":"conditions-generales","status":"publish","type":"page","link":"https:\/\/www.atlascontrole.be\/nl\/conditions-generales\/","title":{"rendered":"Voorwaarden"},"content":{"rendered":"<div class=\"wpb-content-wrapper\">\t\t<div data-elementor-type=\"wp-page\" data-elementor-id=\"2\" class=\"elementor elementor-2\" data-elementor-post-type=\"page\">\n\t\t\t\t<div class=\"elementor-element elementor-element-5d6fb4f1 e-flex e-con-boxed e-con e-parent\" data-id=\"5d6fb4f1\" data-element_type=\"container\" data-e-type=\"container\">\r\n\t\t\t\t\t<div class=\"e-con-inner\">\r\n\t\t\t\t<div class=\"elementor-element elementor-element-109fe982 elementor-widget elementor-widget-shortcode\" data-id=\"109fe982\" data-element_type=\"widget\" data-e-type=\"widget\" data-widget_type=\"shortcode.default\">\n\t\t\t\t<div class=\"elementor-widget-container\">\n\t\t\t\t\t\t\t<div class=\"elementor-shortcode\"><div class=\"vc_row wpb_row row top-row wpb_custom_034b39d9bc6c6b310d69e39f0ccf274f\"><div class=\"vc_column_container col-md-12\"><div class=\"wpb_wrapper vc_column-inner\">\r\n\t<div class=\"wpb_text_column wpb_content_element wpb_custom_7c91d232724f73626cc933bd95b25ff0\" >\r\n\t\t<div class=\"wpb_wrapper\">\r\n\t\t\t<p>ALGEMENE VERKOOPVOORWAARDEN<\/p>\n<p>Atlas Controle<\/p>\n<p><strong>1. Doel en toepassingsgebied<\/strong><\/p>\n<p>1.1 Deze algemene voorwaarden regelen de contractuele relatie tussen enerzijds de natuurlijke of rechtspersoon die de diensten van Atlas Controle bestelt, in eigen naam of voor rekening van derden, zowel voor professionele als voor particuliere doeleinden (hierna \"de Klant\") en anderzijds de vennootschap Atlas Controle (hierna \"Atlas Controle\"). Deze algemene voorwaarden zijn van toepassing op elke bestelbon, offerte, prijsopgave, factuur of overeenkomst.<\/p>\n<p>1.2 De aanvaarding van deze AV door de Klant geschiedt automatisch bij het plaatsen van de bestelling. Dit houdt in dat de Klant volledig afziet van de toepassing van de eigen algemene voorwaarden.<\/p>\n<p><strong>2. Algemeenheden en definities<\/strong><\/p>\n<p>2.1 De \"Klant\" is de opdrachtgever, ongeacht of deze handelt als hoofdpartij of via een vertegenwoordiger (particulier, notaris, vastgoedkantoor, installateur, \u2026). Bij meerdere begunstigden zijn deze hoofdelijk verantwoordelijk voor de verplichtingen jegens Atlas Controle.<\/p>\n<p>2.2 De Klant kan aangeven dat deze optreedt als makelaar of tussenpersoon en verzoeken dat de factuur wordt opgesteld op naam van de eindklant (die duidelijk ge\u00efdentificeerd moet zijn). Dit ontslaat de makelaar of tussenpersoon echter niet van de hoofdelijke aansprakelijkheid voor de betaling van de door Atlas Controle uitgeschreven factuur. De oorspronkelijke klant (aanvrager) wordt eveneens op de factuur vermeld. <\/p>\n<p>2.3 De diensten van Atlas Controle worden verleend op het gehele Belgische grondgebied. Het contract wordt gesloten in het Frans of het Nederlands, naar keuze van de klant.<\/p>\n<p><strong>3. Totstandkoming van het contract en Herroeping<\/strong><\/p>\n<p>3.1 Het contract komt tot stand op het moment van de bevestiging van de bestelling door Atlas Controle (e-mail, telefoon of online platform). <\/p>\n<p>3.2 Herroeping (enkel B2C): De Consument beschikt over een wettelijk herroepingsrecht van 14 kalenderdagen na de bestelling. Indien de Klant vraagt om de dienst v\u00f3\u00f3r het verstrijken van deze termijn uit te voeren, erkent deze het herroepingsrecht te verliezen zodra de dienst volledig is uitgevoerd.<\/p>\n<p><strong>4. Annulering, Afwezigheid en Vergoedingen<\/strong><\/p>\n<p>4.1 Annulering: Elke bestelling kan kosteloos worden geannuleerd of uitgesteld tot 24 werkuren v\u00f3\u00f3r de geplande datum.<\/p>\n<p>4.2 Forfaitaire vergoedingen: Elke annulering minder dan 24 werkuren v\u00f3\u00f3r de afspraak, elke afwezigheid van de Klant of onmogelijkheid om toegang te krijgen tot de installaties (ontbrekende sleutels, geweigerde toegang, \u2026) geeft aanleiding tot een forfaitaire vergoeding van 75 \u20ac btw incl. per voorziene keuring, onverminderd de terugbetaling van reeds gemaakte kosten.<\/p>\n<p><strong>5. Uitvoeringsmodaliteiten<\/strong><\/p>\n<p>5.1 Verplichtingen van de Klant: De Klant moet de nodige documenten ter beschikking stellen (plannen, eerdere rapporten, \u2026), vrije toegang tot de installaties verzekeren en de veiligheid van de agent ter plaatse waarborgen. <\/p>\n<p>5.2 Rapporten: De rapporten en certificaten worden aan de Klant verzonden na volledige betaling van de factuur. De rapporten weerspiegelen de vaststellingen gedaan op het precieze moment van het bezoek. <\/p>\n<p>5.3 Atlas Controle behoudt zich het recht voor de verzending van rapporten en certificaten op te schorten zolang de factuur niet volledig is betaald. <\/p>\n<p>5.4 Het gebruik van de gegevens uit de keuringen is strikt ondergeschikt aan de volledige betaling van de factuur. Deze beperking geldt ook voor elke derde die de inspectierapporten van Atlas Controle wenst te gebruiken, die hiervoor verplicht voorafgaande schriftelijke toestemming van de vennootschap moet verkrijgen. <\/p>\n<p>5.5 Bewaring: Atlas Controle is niet verplicht een kopie van het rapport af te leveren na een termijn van 12 maanden volgend op de initi\u00eble verzending.<\/p>\n<p><strong>6. Aansprakelijkheid en Beperkingen<\/strong><\/p>\n<p>6.1 Atlas Controle is gebonden aan een middelenverbintenis. De aansprakelijkheid kan enkel worden ingeroepen in geval van een bewezen fout bij de uitvoering van de opdracht.<br \/>\nDe aansprakelijkheid van Atlas Contr\u00f4le is in elk geval beperkt tot het gefactureerde bedrag van de betreffende opdracht, behalve in geval van opzet of grove fout.<\/p>\n<p>6.2 De totale aansprakelijkheid van Atlas Controle, om welke reden dan ook, is beperkt tot het gefactureerde bedrag voor de betreffende opdracht, met een maximumplafond van 2.500 \u20ac btw incl.<\/p>\n<p><strong>7. Prijzen en Facturatie<\/strong><\/p>\n<p>7.1 De prijzen zijn deze die gelden op het moment van de bestelling. De prijzen zijn exclusief btw voor professionelen en inclusief btw voor particulieren. <\/p>\n<p>7.2 Toeslagen: Elke verplaatsing voor het ophalen of terugbezorgen van sleutels bij een vastgoedkantoor of een notariskantoor kan worden gefactureerd aan 25 \u20ac btw incl.<\/p>\n<p>7.3 Nutteloze verplaatsing: Elke vruchteloze verplaatsing om technische of materi\u00eble redenen die onafhankelijk zijn van Atlas Controle wordt gefactureerd met een minimum van 75 \u20ac btw incl.<\/p>\n<p><strong>8. Betalingsvoorwaarden<\/strong><\/p>\n<p>8.1 Tenzij schriftelijk anders overeengekomen, zijn de facturen contant betaalbaar.<\/p>\n<p>8.2 Laattijdige betaling: Elk onbetaald bedrag op de vervaldag leidt van rechtswege, na ingebrekestelling, tot het doorsturen van het dossier naar een incassobureau. De bijkomende kosten verbonden aan deze overdracht zijn ten laste van de klant.<\/p>\n<p>8.3 Pour les entreprises (B2B) :<br \/>\n- Le d\u00e9faut, m\u00eame partiel, de paiement \u00e0 la date d\u2019\u00e9ch\u00e9ance des factures entra\u00eene de plein droit et sans mise en demeure pr\u00e9alable, l\u2019application d\u2019un int\u00e9r\u00eat de retard au taux l\u00e9gal applicable en cas de retard de paiement dans les transactions commerciales, conform\u00e9ment \u00e0 la Loi du 02\/08\/2002 concernant la lutte contre le retard de paiement dans les transactions commerciales.<\/p>\n<p>- Une majoration de 10% du montant des factures sera appliqu\u00e9e \u00e0 titre de dommages et int\u00e9r\u00eats forfaitaires, pour frais d\u2019encaissement et de rappels, avec un minimum de 40 euros.<\/p>\n<p>- En outre, conform\u00e9ment aux dispositions de la loi pr\u00e9cit\u00e9e, le montant impay\u00e9 sera major\u00e9, de plein droit et sans mise en demeure, d\u2019une indemnit\u00e9 forfaitaire de 40 euros pour les frais de recouvrement encourus.<\/p>\n<p>- \u00c0 cette indemnit\u00e9 forfaitaire s\u2019ajoutent les autres frais de recouvrement raisonnables, engag\u00e9s en raison du retard de paiement, y compris l\u2019indemnit\u00e9 de proc\u00e9dure, conform\u00e9ment aux dispositions du Code judiciaire.<\/p>\n<p>- Les donn\u00e9es des contr\u00f4les re\u00e7us ne peuvent \u00eatre utilis\u00e9es sans paiement de la facture. Ces r\u00e9glementations s\u2019appliqueront \u00e9galement aux tiers qui souhaitent utiliser les donn\u00e9es issues des inspections effectu\u00e9es par Atlas Controle. Ces tiers doivent d\u2019abord demander l\u2019approbation \u00e9crite de Atlas Controle.<\/p>\n<p>8.4 Pour les particuliers (B2C) :<br \/>\n- Apr\u00e8s l\u2019\u00e9coulement d\u2019un d\u00e9lai de quatorze jours, qui prend cours le troisi\u00e8me jour ouvrable qui suit celui de l\u2019envoi d\u2019un premier rappel gratuit, si celui-ci a lieu par voie postale, ou le jour calendrier qui suit celui de l\u2019envoi en cas de rappel par voie \u00e9lectronique, le non-paiement (total ou partiel) entra\u00eene de plein droit :<\/p>\n<p> - Un int\u00e9r\u00eat au taux directeur major\u00e9 de huit points de pourcentage vis\u00e9 \u00e0 l\u2019article 5, alin\u00e9a 2, de la loi du 2 ao\u00fbt 2002 concernant la lutte contre le retard de paiement dans les transactions commerciales.<\/p>\n<p> - Une indemnit\u00e9 forfaitaire, calcul\u00e9e par tranches :<br \/>\n\u27a4 20 \u20ac si le montant restant d\u00fb est inf\u00e9rieur ou \u00e9gal \u00e0 150 \u20ac ;<br \/>\n\u27a4 30 \u20ac augment\u00e9s de 10% du montant d\u00fb sur la tranche comprise entre 150,01 et 500 \u20ac, si le montant restant d\u00fb est compris entre 150,01 et 500 \u20ac ;<br \/>\n\u27a4 65 \u20ac augment\u00e9s de 5% du montant d\u00fb sur la tranche sup\u00e9rieure \u00e0 500 \u20ac, avec un maximum de 2000 \u20ac, si le montant restant d\u00fb est sup\u00e9rieur \u00e0 500 \u20ac.<\/p>\n<p>Er kan geen enkele boete of schadevergoeding worden ge\u00ebist v\u00f3\u00f3r het verstrijken van de termijn van 14 dagen na de eerste gratis herinnering, conform de huidige wetgeving. Atlas Contr\u00f4le zal moeten aantonen dat deze herinnering daadwerkelijk is verzonden, voordat er sancties worden opgelegd.<\/p>\n<p><strong>9. Intellectuele Eigendom en Overdracht<\/strong><\/p>\n<p>9.1 Atlas Controle behoudt de exclusieve eigendom van haar methoden en de intellectuele rechten op de rapporten. De Klant beschikt over een gebruiksrecht voor persoonlijke of wettelijke doeleinden.<\/p>\n<p>9.2 Eigendomsvoorbehoud: De rapporten blijven eigendom van Atlas Controle tot aan de volledige betaling.<\/p>\n<p><strong>10. Overmacht<\/strong><\/p>\n<p>De uitvoering van de verplichtingen wordt opgeschort in geval van overmacht (natuurrampen, ziekte van de agent, netwerkuitval, enz.). Atlas Controle zal contact opnemen met de Klant om een nieuwe datum vast te leggen zonder bijkomende vergoeding.<\/p>\n<p><strong>11. Gegevensbescherming (AVG)<\/strong><\/p>\n<p>11.1 Atlas Controle verwerkt de gegevens van de Klant overeenkomstig de geldende wetgeving voor het beheer van de opdracht en de wettelijke verplichtingen. De Klant aanvaardt dat de gegevens worden gedeeld met de toezichthoudende autoriteiten indien de regelgeving dit vereist. De Klant geeft eveneens toestemming om de gegevens te delen met andere aan Atlas Contr\u00f4le verbonden entiteiten, met het oog op het aanbieden van commerci\u00eble voorstellen die zijn afgestemd op de energetische behoeften van de Klant.<\/p>\n<p><strong>12. Niet-afwerving<\/strong><\/p>\n<p>12.1 De Klant verbindt zich ertoe om gedurende de looptijd van het contract en het jaar volgend op de be\u00ebindiging ervan, geen werknemers van Atlas Controle rechtstreeks in dienst te nemen of te benaderen, op straffe van een schadevergoeding gelijk aan \u00e9\u00e9n jaar brutoloon van de betreffende werknemer.<\/p>\n<p><strong>13. Toepasselijk recht en Geschillen<\/strong><\/p>\n<p>13.1 Dit contract wordt beheerst door het Belgisch recht. <\/p>\n<p>13.2 In geval van een geschil wordt een minnelijke schikking nagestreefd. Bij gebreke daarvan zijn enkel de rechtbanken van de maatschappelijke zetel van Atlas Controle (of de Franstalige rechtbanken van het betrokken arrondissement) bevoegd.<\/p>\n\r\n\t\t<\/div>\r\n\t<\/div>\r\n<\/div><\/div><\/div><\/div>\n\t\t\t\t\t\t<\/div>\n\t\t\t\t<\/div>\n\t\t\t\t\t<\/div>\n\t\t\t\t<\/div>\n\t\t\t\t<\/div>\n\t\t<\/div>","protected":false},"excerpt":{"rendered":"CONDITIONS G\u00c9N\u00c9RALES DE VENTE Atlas Contr\u00f4le 1. Objet et champ d\u2019application 1.1 Les pr\u00e9sentes conditions g\u00e9n\u00e9rales r\u00e9gissent la relation contractuelle entre, d\u2019une part, la personne physique ou morale qui commande les services d\u2019Atlas Contr\u00f4le, en son nom propre ou pour compte de tiers, tant \u00e0 des fins professionnelles que priv\u00e9es (ci-apr\u00e8s \u00ab le Client \u00bb) [...]","protected":false},"author":1,"featured_media":0,"parent":0,"menu_order":0,"comment_status":"closed","ping_status":"open","template":"","meta":{"footnotes":""},"class_list":["post-2","page","type-page","status-publish","hentry"],"yoast_head":"<!-- This site is optimized with the Yoast SEO plugin v27.4 - https:\/\/yoast.com\/product\/yoast-seo-wordpress\/ -->\n<title>Conditions g\u00e9n\u00e9rales - Atlas Contr\u00f4le<\/title>\n<meta name=\"robots\" content=\"index, follow, max-snippet:-1, max-image-preview:large, max-video-preview:-1\" \/>\n<link rel=\"canonical\" href=\"https:\/\/www.atlascontrole.be\/nl\/conditions-generales\/\" \/>\n<meta property=\"og:locale\" content=\"nl_BE\" \/>\n<meta property=\"og:type\" content=\"article\" \/>\n<meta property=\"og:title\" content=\"Conditions g\u00e9n\u00e9rales - Atlas Contr\u00f4le\" \/>\n<meta property=\"og:url\" content=\"https:\/\/www.atlascontrole.be\/nl\/conditions-generales\/\" \/>\n<meta property=\"og:site_name\" content=\"Atlas Contr\u00f4le\" \/>\n<meta property=\"article:publisher\" content=\"https:\/\/m.facebook.com\/Atlas-Controle-104305338008164\" \/>\n<meta property=\"article:modified_time\" content=\"2026-03-27T12:24:03+00:00\" \/>\n<meta name=\"twitter:card\" content=\"summary_large_image\" \/>\n<script type=\"application\/ld+json\" class=\"yoast-schema-graph\">{\"@context\":\"https:\\\/\\\/schema.org\",\"@graph\":[{\"@type\":\"WebPage\",\"@id\":\"https:\\\/\\\/www.atlascontrole.be\\\/conditions-generales\\\/\",\"url\":\"https:\\\/\\\/www.atlascontrole.be\\\/conditions-generales\\\/\",\"name\":\"Conditions g\u00e9n\u00e9rales - Atlas Contr\u00f4le\",\"isPartOf\":{\"@id\":\"https:\\\/\\\/www.atlascontrole.be\\\/#website\"},\"datePublished\":\"2020-06-06T16:13:03+00:00\",\"dateModified\":\"2026-03-27T12:24:03+00:00\",\"breadcrumb\":{\"@id\":\"https:\\\/\\\/www.atlascontrole.be\\\/conditions-generales\\\/#breadcrumb\"},\"inLanguage\":\"nl-BE\",\"potentialAction\":[{\"@type\":\"ReadAction\",\"target\":[\"https:\\\/\\\/www.atlascontrole.be\\\/conditions-generales\\\/\"]}]},{\"@type\":\"BreadcrumbList\",\"@id\":\"https:\\\/\\\/www.atlascontrole.be\\\/conditions-generales\\\/#breadcrumb\",\"itemListElement\":[{\"@type\":\"ListItem\",\"position\":1,\"name\":\"Accueil\",\"item\":\"https:\\\/\\\/www.atlascontrole.be\\\/\"},{\"@type\":\"ListItem\",\"position\":2,\"name\":\"Conditions g\u00e9n\u00e9rales\"}]},{\"@type\":\"WebSite\",\"@id\":\"https:\\\/\\\/www.atlascontrole.be\\\/#website\",\"url\":\"https:\\\/\\\/www.atlascontrole.be\\\/\",\"name\":\"Atlas Contr\u00f4le\",\"description\":\"Votre partenaire pour vos contr\u00f4les\",\"publisher\":{\"@id\":\"https:\\\/\\\/www.atlascontrole.be\\\/#organization\"},\"potentialAction\":[{\"@type\":\"SearchAction\",\"target\":{\"@type\":\"EntryPoint\",\"urlTemplate\":\"https:\\\/\\\/www.atlascontrole.be\\\/?s={search_term_string}\"},\"query-input\":{\"@type\":\"PropertyValueSpecification\",\"valueRequired\":true,\"valueName\":\"search_term_string\"}}],\"inLanguage\":\"nl-BE\"},{\"@type\":\"Organization\",\"@id\":\"https:\\\/\\\/www.atlascontrole.be\\\/#organization\",\"name\":\"Atlas Contr\u00f4le\",\"url\":\"https:\\\/\\\/www.atlascontrole.be\\\/\",\"logo\":{\"@type\":\"ImageObject\",\"inLanguage\":\"nl-BE\",\"@id\":\"https:\\\/\\\/www.atlascontrole.be\\\/#\\\/schema\\\/logo\\\/image\\\/\",\"url\":\"https:\\\/\\\/www.atlascontrole.be\\\/wp-content\\\/uploads\\\/2020\\\/07\\\/logo_ac_color.webp\",\"contentUrl\":\"https:\\\/\\\/www.atlascontrole.be\\\/wp-content\\\/uploads\\\/2020\\\/07\\\/logo_ac_color.webp\",\"width\":1192,\"height\":738,\"caption\":\"Atlas Contr\u00f4le\"},\"image\":{\"@id\":\"https:\\\/\\\/www.atlascontrole.be\\\/#\\\/schema\\\/logo\\\/image\\\/\"},\"sameAs\":[\"https:\\\/\\\/m.facebook.com\\\/Atlas-Controle-104305338008164\",\"https:\\\/\\\/www.linkedin.com\\\/company\\\/65699655\"]}]}<\/script>\n<!-- \/ Yoast SEO plugin. -->","yoast_head_json":{"title":"Conditions g\u00e9n\u00e9rales - Atlas Contr\u00f4le","robots":{"index":"index","follow":"follow","max-snippet":"max-snippet:-1","max-image-preview":"max-image-preview:large","max-video-preview":"max-video-preview:-1"},"canonical":"https:\/\/www.atlascontrole.be\/nl\/conditions-generales\/","og_locale":"nl_BE","og_type":"article","og_title":"Conditions g\u00e9n\u00e9rales - Atlas Contr\u00f4le","og_url":"https:\/\/www.atlascontrole.be\/nl\/conditions-generales\/","og_site_name":"Atlas Contr\u00f4le","article_publisher":"https:\/\/m.facebook.com\/Atlas-Controle-104305338008164","article_modified_time":"2026-03-27T12:24:03+00:00","twitter_card":"summary_large_image","schema":{"@context":"https:\/\/schema.org","@graph":[{"@type":"WebPage","@id":"https:\/\/www.atlascontrole.be\/conditions-generales\/","url":"https:\/\/www.atlascontrole.be\/conditions-generales\/","name":"Conditions g\u00e9n\u00e9rales - Atlas Contr\u00f4le","isPartOf":{"@id":"https:\/\/www.atlascontrole.be\/#website"},"datePublished":"2020-06-06T16:13:03+00:00","dateModified":"2026-03-27T12:24:03+00:00","breadcrumb":{"@id":"https:\/\/www.atlascontrole.be\/conditions-generales\/#breadcrumb"},"inLanguage":"nl-BE","potentialAction":[{"@type":"ReadAction","target":["https:\/\/www.atlascontrole.be\/conditions-generales\/"]}]},{"@type":"BreadcrumbList","@id":"https:\/\/www.atlascontrole.be\/conditions-generales\/#breadcrumb","itemListElement":[{"@type":"ListItem","position":1,"name":"Accueil","item":"https:\/\/www.atlascontrole.be\/"},{"@type":"ListItem","position":2,"name":"Conditions g\u00e9n\u00e9rales"}]},{"@type":"WebSite","@id":"https:\/\/www.atlascontrole.be\/#website","url":"https:\/\/www.atlascontrole.be\/","name":"Atlas Controle","description":"Uw partner voor uw cheques","publisher":{"@id":"https:\/\/www.atlascontrole.be\/#organization"},"potentialAction":[{"@type":"SearchAction","target":{"@type":"EntryPoint","urlTemplate":"https:\/\/www.atlascontrole.be\/?s={search_term_string}"},"query-input":{"@type":"PropertyValueSpecification","valueRequired":true,"valueName":"search_term_string"}}],"inLanguage":"nl-BE"},{"@type":"Organization","@id":"https:\/\/www.atlascontrole.be\/#organization","name":"Atlas Controle","url":"https:\/\/www.atlascontrole.be\/","logo":{"@type":"ImageObject","inLanguage":"nl-BE","@id":"https:\/\/www.atlascontrole.be\/#\/schema\/logo\/image\/","url":"https:\/\/www.atlascontrole.be\/wp-content\/uploads\/2020\/07\/logo_ac_color.webp","contentUrl":"https:\/\/www.atlascontrole.be\/wp-content\/uploads\/2020\/07\/logo_ac_color.webp","width":1192,"height":738,"caption":"Atlas Contr\u00f4le"},"image":{"@id":"https:\/\/www.atlascontrole.be\/#\/schema\/logo\/image\/"},"sameAs":["https:\/\/m.facebook.com\/Atlas-Controle-104305338008164","https:\/\/www.linkedin.com\/company\/65699655"]}]}},"_links":{"self":[{"href":"https:\/\/www.atlascontrole.be\/nl\/wp-json\/wp\/v2\/pages\/2","targetHints":{"allow":["GET"]}}],"collection":[{"href":"https:\/\/www.atlascontrole.be\/nl\/wp-json\/wp\/v2\/pages"}],"about":[{"href":"https:\/\/www.atlascontrole.be\/nl\/wp-json\/wp\/v2\/types\/page"}],"author":[{"embeddable":true,"href":"https:\/\/www.atlascontrole.be\/nl\/wp-json\/wp\/v2\/users\/1"}],"replies":[{"embeddable":true,"href":"https:\/\/www.atlascontrole.be\/nl\/wp-json\/wp\/v2\/comments?post=2"}],"version-history":[{"count":8,"href":"https:\/\/www.atlascontrole.be\/nl\/wp-json\/wp\/v2\/pages\/2\/revisions"}],"predecessor-version":[{"id":4051,"href":"https:\/\/www.atlascontrole.be\/nl\/wp-json\/wp\/v2\/pages\/2\/revisions\/4051"}],"wp:attachment":[{"href":"https:\/\/www.atlascontrole.be\/nl\/wp-json\/wp\/v2\/media?parent=2"}],"curies":[{"name":"wp","href":"https:\/\/api.w.org\/{rel}","templated":true}]}}