{"id":2166,"date":"2024-08-27T13:58:38","date_gmt":"2024-08-27T11:58:38","guid":{"rendered":"https:\/\/www.atlascontrole.be\/?page_id=2166"},"modified":"2024-09-23T14:51:16","modified_gmt":"2024-09-23T12:51:16","slug":"controles-pour-airbnb-gaz-et-electricite","status":"publish","type":"page","link":"https:\/\/www.atlascontrole.be\/nl\/controle-electrique\/controles-pour-airbnb-gaz-et-electricite\/","title":{"rendered":"Controles voor Airbnb: gas en elektriciteit"},"content":{"rendered":"<div class=\"wpb-content-wrapper\"><div class=\"vc_row wpb_row row top-row wpb_custom_034b39d9bc6c6b310d69e39f0ccf274f\"><div class=\"vc_column_container col-md-12\"><div class=\"wpb_wrapper vc_column-inner\"><h2  class=\"vc_custom_heading vc_do_custom_heading wpb_custom_aa365bd5046e8294520b4e73732b9d15 align-left\" >De rol van erkende inspectie-instanties: een garantie voor de veiligheid en naleving van uw Airbnb-accommodatie<\/h2>\r\n\t<div class=\"wpb_text_column wpb_content_element lead wpb_custom_7c91d232724f73626cc933bd95b25ff0\" >\r\n\t\t<div class=\"wpb_wrapper\">\r\n\t\t\t<p>Naast de verplichte registratie is het vaak essentieel om gebruik te maken van een erkende inspectie-instantie om uw toeristische accommodatie te beoordelen, inclusief de accommodatie die u op Airbnb aanbiedt. Deze organisaties zijn verantwoordelijk voor het verifi\u00ebren of uw accommodatie voldoet aan de wettelijke normen op het gebied van veiligheid, hygi\u00ebne en comfort, met bijzondere aandacht voor <a href=\"https:\/\/www.atlascontrole.be\/nl\/gaskeuring\/gaskeuring-info\/\">gasbediening en elektrische bediening.<\/a>\u00a0Deze inspecties zorgen ervoor dat uw woning aan de wettelijke vereisten voldoet voordat deze op platforms zoals Airbnb wordt vermeld.<\/p>\n<p>Het gebruik van een erkende instantie, met name voor gas- en <a href=\"https:\/\/www.atlascontrole.be\/nl\/elektrische-keuring\/controle-electrique-maison-2\/\">elektriciteit,<\/a> is in veel gevallen niet alleen een verplichting, maar ook een verzekering voor jou, als eigenaar of beheerder op Airbnb. Zo weet u zeker dat uw accommodatie op orde is, waardoor de kans op sancties kleiner wordt en het vertrouwen van reizigers in uw aanbod wordt versterkt.<\/p>\n\r\n\t\t<\/div>\r\n\t<\/div>\r\n<h2  class=\"vc_custom_heading vc_do_custom_heading wpb_custom_aa365bd5046e8294520b4e73732b9d15 align-left\" >Waarom een erkende keuringsinstantie inschakelen voor gas- en elektriciteitskeuringen op Airbnb?<\/h2>\r\n\t<div class=\"wpb_text_column wpb_content_element wpb_custom_7c91d232724f73626cc933bd95b25ff0\" >\r\n\t\t<div class=\"wpb_wrapper\">\r\n\t\t\t<ul>\n<li><strong>Naleving van wettelijke normen<\/strong> : Inspecties uitgevoerd door een erkende instantie, in het bijzonder die met betrekking tot gas en<a href=\"https:\/\/www.atlascontrole.be\/nl\/2023\/02\/16\/le-controle-electrique-en-detail\/\">&#039;elektriciteit<\/a>kunt u controleren of uw accommodatie aan alle wettelijke veiligheidseisen voldoet. Dit bespaart je mogelijke boetes of opschorting van je activiteit op Airbnb.<\/li>\n<li><strong>Geloofwaardigheid en vertrouwen<\/strong> : Accommodatie die met succes de gas- en elektriciteitscontroles heeft doorstaan, stelt reizigers gerust en versterkt uw geloofwaardigheid als verhuurder op Airbnb. Dit kan ook een geschiktheidscriterium zijn om uw advertentie actief en aantrekkelijk op het platform te houden.<\/li>\n<li><strong>Risicopreventie<\/strong> : De besturing van <a href=\"https:\/\/www.atlascontrole.be\/nl\/gaskeuring\/gascertificering\/\">gasinstallaties (aardgas<\/a> en elektriciteit maken het mogelijk om eventuele defecten of tekortkomingen op te sporen en te corrigeren nog voordat zich incidenten voordoen. Dit draagt bij aan de veiligheid van je huurders en beschermt je aansprakelijkheid als Airbnb-verhuurder.<\/li>\n<\/ul>\n\r\n\t\t<\/div>\r\n\t<\/div>\r\n\r\n\t<div class=\"wpb_text_column wpb_content_element wpb_custom_7c91d232724f73626cc933bd95b25ff0\" >\r\n\t\t<div class=\"wpb_wrapper\">\r\n\t\t\t<p>Door de conformiteit van uw gas- en elektriciteitsinstallaties te garanderen dankzij een erkende keuringsinstantie, zorgt u ervoor dat uw accommodatie, aangeboden op Airbnb, voldoet aan de strengste normen. Hierdoor kunt u uw klanten een veilige en comfortabele omgeving bieden, terwijl u uw bedrijf op het platform beschermt.<\/p>\n\r\n\t\t<\/div>\r\n\t<\/div>\r\n<h2  class=\"vc_custom_heading vc_do_custom_heading wpb_custom_aa365bd5046e8294520b4e73732b9d15 align-left\" >Voordelen van Atlas Control<\/h2>\r\n\t<div class=\"wpb_text_column wpb_content_element wpb_custom_7c91d232724f73626cc933bd95b25ff0\" >\r\n\t\t<div class=\"wpb_wrapper\">\r\n\t\t\t<p>Atlas Control is een erkende instelling die onder meer controles biedt op: <a href=\"https:\/\/www.atlascontrole.be\/nl\/elektrische-keuring\/elektrische-keuring-info\/\">uw elektrische installaties<\/a>, maar ook <a href=\"https:\/\/www.atlascontrole.be\/nl\/gaskeuring\/\">gas keuringen<\/a>. Onze experts bieden kwaliteitsdiensten, u krijgt zeer snel controle. Kiezen voor Atlas Control is ook een manier om <a href=\"https:\/\/environnement.brussels\/sites\/default\/files\/primes-premies\/GIDS_C1_FR_2021.pdf\">bonussen<\/a> omdat de organisatie over alle benodigde goedkeuringen beschikt. U profiteert van een zeer snel en kwalitatief goed uitgevoerd werk tegen een lage prijs. Wij willen onze klanten een service bieden met een aantrekkelijke prijs-kwaliteitverhouding.<\/p>\n<p>Bij Atlas Control bieden we verschillende diensten aan. Wij voeren elektrische installatiecontroles, gascontroles en propaancontroles uit. Wij kunnen ook bezorgen <a href=\"https:\/\/www.atlascontrole.be\/nl\/epb-certificaat\/\">PEB-certificaten<\/a>. Het EPB-certificaat is een certificaat dat informatie geeft over de energieprestatie van een woning.<\/p>\n<p>Wij bieden ook gecombineerde aanbiedingen aan waarmee u kunt profiteren van twee diensten tegen \u00e9\u00e9n voordelige prijs. Dit maakt uw taak eenvoudiger en bespaart u de noodzaak om twee verschillende controles te plannen.<\/p>\n<p>Bij de verkoop van een woning bieden wij u de mogelijkheid aan om een elektrische keuring uit te voeren en u een PEB-certificaat te bezorgen. Als je een woning huurt op Airbnb, bieden wij je een elektriciteitscheck en een gascheck aan. Ten slotte kunt u profiteren van bonussen als u kiest voor het dienstenpakket waarmee u kunt profiteren van gascontrole en <a href=\"https:\/\/www.atlascontrole.be\/nl\/epb-verwarming\/\">EPB ketelontvangst<\/a>. Dit laatste aanbod is het populairst.<\/p>\n\r\n\t\t<\/div>\r\n\t<\/div>\r\n<h2  class=\"vc_custom_heading vc_do_custom_heading wpb_custom_aa365bd5046e8294520b4e73732b9d15 align-left\" >Hoe snel een aanvraag doen?<\/h2>\r\n\t<div class=\"wpb_text_column wpb_content_element wpb_custom_7c91d232724f73626cc933bd95b25ff0\" >\r\n\t\t<div class=\"wpb_wrapper\">\r\n\t\t\t<p>U kunt de certificering van uw elektrische installaties aanvragen door contact met ons op te nemen. Onze experts zijn zeer beschikbaar en zullen u zo snel mogelijk een inspectie aanbieden.<\/p>\n<p>U kunt Atlas Control bereiken via de volgende media:<\/p>\n<ul>\n<li>Telefonisch op +32 02 726 64 04 of via WhatsApp<\/li>\n<li>Per e-mail: info@atlascontrole.be<\/li>\n<li>Via ons <a href=\"https:\/\/order.atlascontrole.be\">contactformulier<\/a><\/li>\n<li>Via onze sociale netwerken, op Facebook en LinkedIn: Atlas Contr\u00f4le<\/li>\n<\/ul>\n\r\n\t\t<\/div>\r\n\t<\/div>\r\n<h2  class=\"vc_custom_heading vc_do_custom_heading wpb_custom_aa365bd5046e8294520b4e73732b9d15 align-left\" >In welke regio\u2019s zijn wij actief?<\/h2>\r\n\t<div class=\"wpb_text_column wpb_content_element wpb_custom_7c91d232724f73626cc933bd95b25ff0\" >\r\n\t\t<div class=\"wpb_wrapper\">\r\n\t\t\t<p>Bij Atlas Controle dekken we heel Belgi\u00eb.<\/p>\n<p>U kunt contact met ons opnemen voor de controle van uw Airbnb-toeristische accommodatie in de gemeenten Brussel (Brussel stad, Elsene, Etterbeek, Evere, Anderlecht, Molenbeek, Ganshoren, Jette, Koekelberg, Oudergem, Schaarbeek, Sint-Gillis, Berchem- Sint-Agatha, Sint-Joost, Sint-Lambrechts-Woluwe, Sint-Pieters-Woluwe, Ukkel, Vorst, Watermaal-Bosvoorde).<\/p>\n<p>We zijn ook aanwezig in Walloni\u00eb (in de regio&#039;s Waver, Nijvel, Louvain-la-Neuve, Namen, Luik, Bergen, Charleroi, Doornik Aarlen en andere steden)<\/p>\n\r\n\t\t<\/div>\r\n\t<\/div>\r\n\r\n\t<div class=\"wpb_text_column wpb_content_element wpb_custom_7c91d232724f73626cc933bd95b25ff0\" >\r\n\t\t<div class=\"wpb_wrapper\">\r\n\t\t\t<p><strong>Onze ervaren controleurs staan klaar om je snel te helpen.\u00a0<\/strong><\/p>\n<p><strong>Bij Atlas Control voeren wij ook uit<\/strong><a href=\"https:\/\/www.atlascontrole.be\/nl\/gaskeuring\/\"> <strong>gascontrolediensten<\/strong><\/a><strong>, uit alsook <a href=\"https:\/\/www.atlascontrole.be\/nl\/epb-verwarming\/\">ketelontvangsten<\/a><\/strong> en<a href=\"https:\/\/www.atlascontrole.be\/nl\/certificats-peb\/\"> <strong>PEB-certificaten<\/strong><\/a><strong>\u00a0\u00a0<\/strong><\/p>\n<p><strong>Aarzel niet langer, kies voor een kwalitatieve <a href=\"https:\/\/www.atlascontrole.be\/nl\/elektrische-keuring\/\">elektrische keuring<\/a> tegen de laagste prijs met Atlas Contr\u00f4le.<\/strong><\/p>\n\r\n\t\t<\/div>\r\n\t<\/div>\r\n<\/div><\/div><\/div>\n<\/div>","protected":false},"excerpt":{"rendered":"Le r\u00f4le des organismes de contr\u00f4le agr\u00e9\u00e9s : un gage de s\u00e9curit\u00e9 et de conformit\u00e9 pour votre h\u00e9bergement Airbnb Outre l'enregistrement obligatoire, il est souvent indispensable de faire appel \u00e0 un organisme de contr\u00f4le agr\u00e9\u00e9 pour \u00e9valuer votre h\u00e9bergement touristique, y compris celui que vous proposez sur Airbnb. Ces organismes sont charg\u00e9s de v\u00e9rifier que [...]","protected":false},"author":14,"featured_media":2182,"parent":511,"menu_order":0,"comment_status":"closed","ping_status":"closed","template":"","meta":{"footnotes":""},"class_list":["post-2166","page","type-page","status-publish","has-post-thumbnail","hentry"],"yoast_head":"<!-- This site is optimized with the Yoast SEO Premium plugin v27.4 (Yoast SEO v27.4) - https:\/\/yoast.com\/product\/yoast-seo-premium-wordpress\/ -->\n<title>Contr\u00f4les pour Airbnb : gaz et \u00e9lectricit\u00e9 - Atlas Contr\u00f4le<\/title>\n<meta name=\"description\" content=\"Contactez Atlas contr\u00f4le pour b\u00e9n\u00e9ficier d\u2019un contr\u00f4le d\u2019installation \u00e9lectrique rapide et au meilleur prix! Le contr\u00f4le de vos installations \u00e9lectriques sera r\u00e9alis\u00e9 minutieusement et rapidement par nos inspecteurs pour vous garantir une installation s\u00fbre et conforme.\" \/>\n<meta name=\"robots\" content=\"index, follow, max-snippet:-1, max-image-preview:large, max-video-preview:-1\" \/>\n<link rel=\"canonical\" href=\"https:\/\/www.atlascontrole.be\/nl\/elektrische-keuring\/controles-pour-airbnb-gaz-et-electricite\/\" \/>\n<meta property=\"og:locale\" content=\"nl_BE\" \/>\n<meta property=\"og:type\" content=\"article\" \/>\n<meta property=\"og:title\" content=\"Contr\u00f4les pour Airbnb : gaz et \u00e9lectricit\u00e9\" \/>\n<meta property=\"og:url\" content=\"https:\/\/www.atlascontrole.be\/nl\/elektrische-keuring\/controles-pour-airbnb-gaz-et-electricite\/\" \/>\n<meta property=\"og:site_name\" content=\"Atlas Contr\u00f4le\" \/>\n<meta property=\"article:publisher\" content=\"https:\/\/m.facebook.com\/Atlas-Controle-104305338008164\" \/>\n<meta property=\"article:modified_time\" content=\"2024-09-23T12:51:16+00:00\" \/>\n<meta name=\"twitter:card\" content=\"summary_large_image\" \/>\n<meta name=\"twitter:label1\" content=\"Geschatte leestijd\" \/>\n\t<meta name=\"twitter:data1\" content=\"5 minuten\" \/>\n<script type=\"application\/ld+json\" class=\"yoast-schema-graph\">{\"@context\":\"https:\\\/\\\/schema.org\",\"@graph\":[{\"@type\":\"WebPage\",\"@id\":\"https:\\\/\\\/www.atlascontrole.be\\\/controle-electrique\\\/controles-pour-airbnb-gaz-et-electricite\\\/\",\"url\":\"https:\\\/\\\/www.atlascontrole.be\\\/controle-electrique\\\/controles-pour-airbnb-gaz-et-electricite\\\/\",\"name\":\"Contr\u00f4les pour Airbnb : gaz et \u00e9lectricit\u00e9 - Atlas Contr\u00f4le\",\"isPartOf\":{\"@id\":\"https:\\\/\\\/www.atlascontrole.be\\\/#website\"},\"primaryImageOfPage\":{\"@id\":\"https:\\\/\\\/www.atlascontrole.be\\\/controle-electrique\\\/controles-pour-airbnb-gaz-et-electricite\\\/#primaryimage\"},\"image\":{\"@id\":\"https:\\\/\\\/www.atlascontrole.be\\\/controle-electrique\\\/controles-pour-airbnb-gaz-et-electricite\\\/#primaryimage\"},\"thumbnailUrl\":\"https:\\\/\\\/www.atlascontrole.be\\\/wp-content\\\/uploads\\\/2024\\\/08\\\/air-bnb.avif\",\"datePublished\":\"2024-08-27T11:58:38+00:00\",\"dateModified\":\"2024-09-23T12:51:16+00:00\",\"description\":\"Contactez Atlas contr\u00f4le pour b\u00e9n\u00e9ficier d\u2019un contr\u00f4le d\u2019installation \u00e9lectrique rapide et au meilleur prix! Le contr\u00f4le de vos installations \u00e9lectriques sera r\u00e9alis\u00e9 minutieusement et rapidement par nos inspecteurs pour vous garantir une installation s\u00fbre et conforme.\",\"breadcrumb\":{\"@id\":\"https:\\\/\\\/www.atlascontrole.be\\\/controle-electrique\\\/controles-pour-airbnb-gaz-et-electricite\\\/#breadcrumb\"},\"inLanguage\":\"nl-BE\",\"potentialAction\":[{\"@type\":\"ReadAction\",\"target\":[\"https:\\\/\\\/www.atlascontrole.be\\\/controle-electrique\\\/controles-pour-airbnb-gaz-et-electricite\\\/\"]}]},{\"@type\":\"ImageObject\",\"inLanguage\":\"nl-BE\",\"@id\":\"https:\\\/\\\/www.atlascontrole.be\\\/controle-electrique\\\/controles-pour-airbnb-gaz-et-electricite\\\/#primaryimage\",\"url\":\"https:\\\/\\\/www.atlascontrole.be\\\/wp-content\\\/uploads\\\/2024\\\/08\\\/air-bnb.avif\",\"contentUrl\":\"https:\\\/\\\/www.atlascontrole.be\\\/wp-content\\\/uploads\\\/2024\\\/08\\\/air-bnb.avif\",\"width\":1440,\"height\":960},{\"@type\":\"BreadcrumbList\",\"@id\":\"https:\\\/\\\/www.atlascontrole.be\\\/controle-electrique\\\/controles-pour-airbnb-gaz-et-electricite\\\/#breadcrumb\",\"itemListElement\":[{\"@type\":\"ListItem\",\"position\":1,\"name\":\"Accueil\",\"item\":\"https:\\\/\\\/www.atlascontrole.be\\\/\"},{\"@type\":\"ListItem\",\"position\":2,\"name\":\"Contr\u00f4le \u00e9lectrique\",\"item\":\"https:\\\/\\\/www.atlascontrole.be\\\/controle-electrique\\\/\"},{\"@type\":\"ListItem\",\"position\":3,\"name\":\"Contr\u00f4les pour Airbnb : gaz et \u00e9lectricit\u00e9\"}]},{\"@type\":\"WebSite\",\"@id\":\"https:\\\/\\\/www.atlascontrole.be\\\/#website\",\"url\":\"https:\\\/\\\/www.atlascontrole.be\\\/\",\"name\":\"Atlas Contr\u00f4le\",\"description\":\"Votre partenaire pour vos contr\u00f4les\",\"publisher\":{\"@id\":\"https:\\\/\\\/www.atlascontrole.be\\\/#organization\"},\"potentialAction\":[{\"@type\":\"SearchAction\",\"target\":{\"@type\":\"EntryPoint\",\"urlTemplate\":\"https:\\\/\\\/www.atlascontrole.be\\\/?s={search_term_string}\"},\"query-input\":{\"@type\":\"PropertyValueSpecification\",\"valueRequired\":true,\"valueName\":\"search_term_string\"}}],\"inLanguage\":\"nl-BE\"},{\"@type\":[\"Organization\",\"Place\"],\"@id\":\"https:\\\/\\\/www.atlascontrole.be\\\/#organization\",\"name\":\"Atlas Contr\u00f4le\",\"url\":\"https:\\\/\\\/www.atlascontrole.be\\\/\",\"logo\":{\"@type\":\"ImageObject\",\"inLanguage\":\"nl-BE\",\"@id\":\"https:\\\/\\\/www.atlascontrole.be\\\/#\\\/schema\\\/logo\\\/image\\\/\",\"url\":\"https:\\\/\\\/www.atlascontrole.be\\\/wp-content\\\/uploads\\\/2020\\\/07\\\/logo_ac_color.webp\",\"contentUrl\":\"https:\\\/\\\/www.atlascontrole.be\\\/wp-content\\\/uploads\\\/2020\\\/07\\\/logo_ac_color.webp\",\"width\":1192,\"height\":738,\"caption\":\"Atlas Contr\u00f4le\"},\"image\":{\"@id\":\"https:\\\/\\\/www.atlascontrole.be\\\/#\\\/schema\\\/logo\\\/image\\\/\"},\"sameAs\":[\"https:\\\/\\\/m.facebook.com\\\/Atlas-Controle-104305338008164\",\"https:\\\/\\\/www.linkedin.com\\\/company\\\/65699655\"],\"mainEntityOfPage\":{\"@id\":\"https:\\\/\\\/www.atlascontrole.be\\\/controle-electrique\\\/controles-pour-airbnb-gaz-et-electricite\\\/\"}}]}<\/script>\n<!-- \/ Yoast SEO Premium plugin. -->","yoast_head_json":{"title":"Airbnb-controle: gas en elektriciteit - Atlas Contr\u00f4le","description":"Periodieke keuring elke 25 jaar verplicht voor uw elektrische installatie. Atlas Contr\u00f4le plant uw keuring snel en aan de scherpste prijs.","robots":{"index":"index","follow":"follow","max-snippet":"max-snippet:-1","max-image-preview":"max-image-preview:large","max-video-preview":"max-video-preview:-1"},"canonical":"https:\/\/www.atlascontrole.be\/nl\/elektrische-keuring\/controles-pour-airbnb-gaz-et-electricite\/","og_locale":"nl_BE","og_type":"article","og_title":"Contr\u00f4les pour Airbnb : gaz et \u00e9lectricit\u00e9","og_url":"https:\/\/www.atlascontrole.be\/nl\/elektrische-keuring\/controles-pour-airbnb-gaz-et-electricite\/","og_site_name":"Atlas Contr\u00f4le","article_publisher":"https:\/\/m.facebook.com\/Atlas-Controle-104305338008164","article_modified_time":"2024-09-23T12:51:16+00:00","twitter_card":"summary_large_image","twitter_misc":{"Geschatte leestijd":"5 minuten"},"schema":{"@context":"https:\/\/schema.org","@graph":[{"@type":"WebPage","@id":"https:\/\/www.atlascontrole.be\/controle-electrique\/controles-pour-airbnb-gaz-et-electricite\/","url":"https:\/\/www.atlascontrole.be\/controle-electrique\/controles-pour-airbnb-gaz-et-electricite\/","name":"Airbnb-controle: gas en elektriciteit - Atlas Contr\u00f4le","isPartOf":{"@id":"https:\/\/www.atlascontrole.be\/#website"},"primaryImageOfPage":{"@id":"https:\/\/www.atlascontrole.be\/controle-electrique\/controles-pour-airbnb-gaz-et-electricite\/#primaryimage"},"image":{"@id":"https:\/\/www.atlascontrole.be\/controle-electrique\/controles-pour-airbnb-gaz-et-electricite\/#primaryimage"},"thumbnailUrl":"https:\/\/www.atlascontrole.be\/wp-content\/uploads\/2024\/08\/air-bnb.avif","datePublished":"2024-08-27T11:58:38+00:00","dateModified":"2024-09-23T12:51:16+00:00","description":"Periodieke keuring elke 25 jaar verplicht voor uw elektrische installatie. Atlas Contr\u00f4le plant uw keuring snel en aan de scherpste prijs.","breadcrumb":{"@id":"https:\/\/www.atlascontrole.be\/controle-electrique\/controles-pour-airbnb-gaz-et-electricite\/#breadcrumb"},"inLanguage":"nl-BE","potentialAction":[{"@type":"ReadAction","target":["https:\/\/www.atlascontrole.be\/controle-electrique\/controles-pour-airbnb-gaz-et-electricite\/"]}]},{"@type":"ImageObject","inLanguage":"nl-BE","@id":"https:\/\/www.atlascontrole.be\/controle-electrique\/controles-pour-airbnb-gaz-et-electricite\/#primaryimage","url":"https:\/\/www.atlascontrole.be\/wp-content\/uploads\/2024\/08\/air-bnb.avif","contentUrl":"https:\/\/www.atlascontrole.be\/wp-content\/uploads\/2024\/08\/air-bnb.avif","width":1440,"height":960},{"@type":"BreadcrumbList","@id":"https:\/\/www.atlascontrole.be\/controle-electrique\/controles-pour-airbnb-gaz-et-electricite\/#breadcrumb","itemListElement":[{"@type":"ListItem","position":1,"name":"Accueil","item":"https:\/\/www.atlascontrole.be\/"},{"@type":"ListItem","position":2,"name":"Contr\u00f4le \u00e9lectrique","item":"https:\/\/www.atlascontrole.be\/controle-electrique\/"},{"@type":"ListItem","position":3,"name":"Contr\u00f4les pour Airbnb : gaz et \u00e9lectricit\u00e9"}]},{"@type":"WebSite","@id":"https:\/\/www.atlascontrole.be\/#website","url":"https:\/\/www.atlascontrole.be\/","name":"Atlas Contr\u00f4le","description":"Uw partner voor uw cheques","publisher":{"@id":"https:\/\/www.atlascontrole.be\/#organization"},"potentialAction":[{"@type":"SearchAction","target":{"@type":"EntryPoint","urlTemplate":"https:\/\/www.atlascontrole.be\/?s={search_term_string}"},"query-input":{"@type":"PropertyValueSpecification","valueRequired":true,"valueName":"search_term_string"}}],"inLanguage":"nl-BE"},{"@type":["Organization","Place"],"@id":"https:\/\/www.atlascontrole.be\/#organization","name":"Atlas Contr\u00f4le","url":"https:\/\/www.atlascontrole.be\/","logo":{"@type":"ImageObject","inLanguage":"nl-BE","@id":"https:\/\/www.atlascontrole.be\/#\/schema\/logo\/image\/","url":"https:\/\/www.atlascontrole.be\/wp-content\/uploads\/2020\/07\/logo_ac_color.webp","contentUrl":"https:\/\/www.atlascontrole.be\/wp-content\/uploads\/2020\/07\/logo_ac_color.webp","width":1192,"height":738,"caption":"Atlas Contr\u00f4le"},"image":{"@id":"https:\/\/www.atlascontrole.be\/#\/schema\/logo\/image\/"},"sameAs":["https:\/\/m.facebook.com\/Atlas-Controle-104305338008164","https:\/\/www.linkedin.com\/company\/65699655"],"mainEntityOfPage":{"@id":"https:\/\/www.atlascontrole.be\/controle-electrique\/controles-pour-airbnb-gaz-et-electricite\/"}}]}},"_links":{"self":[{"href":"https:\/\/www.atlascontrole.be\/nl\/wp-json\/wp\/v2\/pages\/2166","targetHints":{"allow":["GET"]}}],"collection":[{"href":"https:\/\/www.atlascontrole.be\/nl\/wp-json\/wp\/v2\/pages"}],"about":[{"href":"https:\/\/www.atlascontrole.be\/nl\/wp-json\/wp\/v2\/types\/page"}],"author":[{"embeddable":true,"href":"https:\/\/www.atlascontrole.be\/nl\/wp-json\/wp\/v2\/users\/14"}],"replies":[{"embeddable":true,"href":"https:\/\/www.atlascontrole.be\/nl\/wp-json\/wp\/v2\/comments?post=2166"}],"version-history":[{"count":0,"href":"https:\/\/www.atlascontrole.be\/nl\/wp-json\/wp\/v2\/pages\/2166\/revisions"}],"up":[{"embeddable":true,"href":"https:\/\/www.atlascontrole.be\/nl\/wp-json\/wp\/v2\/pages\/511"}],"wp:featuredmedia":[{"embeddable":true,"href":"https:\/\/www.atlascontrole.be\/nl\/wp-json\/wp\/v2\/media\/2182"}],"wp:attachment":[{"href":"https:\/\/www.atlascontrole.be\/nl\/wp-json\/wp\/v2\/media?parent=2166"}],"curies":[{"name":"wp","href":"https:\/\/api.w.org\/{rel}","templated":true}]}}