{"id":2417,"date":"2024-10-09T09:30:54","date_gmt":"2024-10-09T07:30:54","guid":{"rendered":"https:\/\/www.atlascontrole.be\/?page_id=2417"},"modified":"2025-09-29T15:37:37","modified_gmt":"2025-09-29T13:37:37","slug":"brugel","status":"publish","type":"page","link":"https:\/\/www.atlascontrole.be\/nl\/brugel\/","title":{"rendered":"BRUGEL\u00a0"},"content":{"rendered":"<p><\/p>\n\n\n\n<p>Groencertificaten in het Brussels Gewest<\/p>\n\n\n\n<p>Indiening van uw bestand:\u00a0<\/p>\n\n\n\n<p>Om de groene certificaten voor uw <a href=\"https:\/\/www.atlascontrole.be\/nl\/2022\/03\/11\/tout-savoir-sur-les-panneaux-photovoltaiques\/\">fotovolta\u00efsch systeem<\/a> of jouw <a href=\"https:\/\/www.atlascontrole.be\/nl\/controle-gaz\/guide-des-installations-au-gaz-naturel-et-propane\/\">warmtekrachtkoppeling<\/a>, je moet er doorheen <a href=\"https:\/\/www.brugel.brussels\/themes\/energies-renouvelables-11\/certification-dune-installation-34\">BRUGEL<\/a>, de Brusselse energieregulator<\/p>\n\n\n\n<p>Atlas Control is goedgekeurd door <a href=\"https:\/\/brugel.brussels\/\">BRUGEL<\/a> om uw dossier in te dienen en uw groene stroom te certificeren.<\/p>\n\n\n\n<p class=\"translation-block\">Een BRUGEL-certificering kost \u20ac160 Inclusief BTW<\/p>\n\n\n\n<p>Hier vindt u de lijst met documenten die u aan ons moet verstrekken:<\/p>\n\n\n\n<p>1. Vorm <a href=\"https:\/\/brugel.brussels\/\">Brugel<\/a> ingevuld en ondertekend<\/p>\n\n\n\n<ul class=\"wp-block-list\">\n<li>BRUGEL-aanvraagformulier\n<ul class=\"wp-block-list\">\n<li>1b. Aanvraagformulier voor certificering van een fotovolta\u00efsche installatie (FR \u2013 NL)\n<ul class=\"wp-block-list\">\n<li>1c. Formulier voor een uitbreiding van een fotovolta\u00efsche installatie (FR \u2013 NL)<\/li>\n\n\n\n<li>1d. Formulier voor het vervangen van een fotovolta\u00efsche installatie (FR \u2013 NL)<\/li>\n<\/ul>\n<\/li>\n\n\n\n<li>1a. Aanvraagformulier voor certificering van een warmtekrachtkoppelingsinstallatie (FR \u2013 NL)<\/li>\n<\/ul>\n<\/li>\n\n\n\n<li>Bewijs van eigendom (bijvoorbeeld: de factuur van uw installatie waar uw naam en adres van de installatie op staan)<\/li>\n<\/ul>\n\n\n\n<p><\/p>\n\n\n\n<p>2. Kopie van beide zijden van de identiteitskaart van de eigenaar\/aanvrager<\/p>\n\n\n\n<p>3. Een rapport van de erkende instantie over de elektrische installatie, waarin de aanwezigheid, de meterstanden en de kenmerken van de groene meter worden vermeld.<\/p>\n\n\n\n<p>4. Certificering van <a href=\"https:\/\/www.sibelga.be\/fr\/raccordements-compteurs\/mon-raccordement\/demande-de-travaux\/demande\/attestation-sibelga-production-energie\">Sibelga<\/a><\/p>\n\n\n\n<p>5. Enkellijnsdiagram<\/p>\n\n\n\n<p>6. Factuur voor de installatie van uw zonnepanelen<\/p>\n\n\n\n<p>7. Technische gegevensbladen <a href=\"https:\/\/www.sibelga.be\/fr\/raccordements-compteurs\/energie-renouvelable\/certificats-verts\">groene meter<\/a><\/p>\n\n\n\n<p>8. Foto&#039;s van de geplaatste groene teller met daarop de indexen en het serienummer<\/p>\n\n\n\n<p>10. Technische bladen PV\/omvormer<\/p>\n\n\n\n<p>11. Foto&#039;s van fotovolta\u00efsche paneelinstallaties<\/p>\n\n\n\n<p>De BRUGEL-certificering wordt gefactureerd tegen het tarief van <strong>160\u20ac<\/strong> Inclusief BTW<\/p>\n\n\n\n<p>Stuur ons de gesplitste documenten in PDF-formaat.<\/p>\n\n\n\n<p><\/p>\n\n\n\n<p>Hier is een niet-uitputtende lijst van bidirectionele tellers: <\/p>\n\n\n\n<p><\/p>\n\n\n\n<figure class=\"wp-block-image size-full\"><picture class=\"owedo-imc-picture\"><source type=\"image\/webp\" srcset=\"https:\/\/www.atlascontrole.be\/wp-content\/uploads\/2024\/10\/WhatsApp-Image-2024-10-01-a-15.07.16_e48ab032-1.webp\"><\/source><img fetchpriority=\"high\" decoding=\"async\" width=\"293\" height=\"388\" src=\"https:\/\/www.atlascontrole.be\/wp-content\/uploads\/2024\/10\/WhatsApp-Image-2024-10-01-a-15.07.16_e48ab032-1.webp\" alt=\"\" class=\"wp-image-2424\"><\/picture><\/figure>\n\n\n\n<p><\/p>\n\n\n\n<p><strong>OPTIONEEL \u2013 TE VERZENDEN INDIEN DE GROENE TELLER NIET WORDT AANGEGEVEN OP HET RAPPORT<\/strong>\u00a0:<\/p>\n\n\n\n<p>Als uw zonnepanelen v\u00f3\u00f3r de installatie van de groene meter zijn ge\u00efnspecteerd, is een vervolginspectie van uw installatie verplicht om uw aanvraag te kunnen indienen. Zonder de aanwezigheid en de technische specificaties van de groene meter, zoals vermeld in het rapport van de geaccrediteerde instantie, kunnen wij geen aanvraag indienen.<\/p>\n\n\n\n<p>Als u zich in deze situatie bevindt, zijn dit uw opties:\u00a0<\/p>\n\n\n\n<p>\u2013 Neem contact op met uw installateur om te zien of zij kunnen bijdragen aan de kosten van deze vervolginspectie en plan deze in via de organisatie die de inspectie heeft uitgevoerd.<\/p>\n\n\n\n<p>\u2013 Wij kunnen dit bezoek ook uitvoeren.<\/p>\n\n\n\n<p>De documenten moeten worden teruggestuurd <a href=\"mailto:office@atlascontrole.be\">office@atlascontrole.be<\/a><\/p>\n\n\n\n<p><\/p>","protected":false},"excerpt":{"rendered":"<p>Les certificats verts en r\u00e9gion bruxelloise Introduction de votre dossier :&nbsp; Afin d&rsquo;obtenir les certificats verts de votre installation photovolta\u00efque ou votre cog\u00e9n\u00e9ration, vous devez imp\u00e9rativement passer par BRUGEL, le r\u00e9gulateur de l&rsquo;\u00e9nergie bruxellois Atlas Contr\u00f4le est agr\u00e9\u00e9 par BRUGEL pour introduire votre dossier et certifier votre \u00e9lectricit\u00e9 verte. Une certification BRUGEL co\u00fbte 160 \u20ac [&hellip;]<\/p>\n","protected":false},"author":14,"featured_media":0,"parent":0,"menu_order":0,"comment_status":"closed","ping_status":"closed","template":"","meta":{"footnotes":""},"class_list":["post-2417","page","type-page","status-publish","hentry"],"yoast_head":"<!-- This site is optimized with the Yoast SEO plugin v27.4 - https:\/\/yoast.com\/product\/yoast-seo-wordpress\/ -->\n<title>BRUGEL\u00a0 - Atlas Contr\u00f4le<\/title>\n<meta name=\"description\" content=\"Afin d&#039;obtenir les certificats verts de votre installation photovolta\u00efque ou votre cog\u00e9n\u00e9ration, vous devez imp\u00e9rativement passer par BRUGEL, le r\u00e9gulateur de l&#039;\u00e9nergie bruxellois\" \/>\n<meta name=\"robots\" content=\"index, follow, max-snippet:-1, max-image-preview:large, max-video-preview:-1\" \/>\n<link rel=\"canonical\" href=\"https:\/\/www.atlascontrole.be\/nl\/brugel\/\" \/>\n<meta property=\"og:locale\" content=\"nl_BE\" \/>\n<meta property=\"og:type\" content=\"article\" \/>\n<meta property=\"og:title\" content=\"BRUGEL\u00a0 - Atlas Contr\u00f4le\" \/>\n<meta property=\"og:description\" content=\"Afin d&#039;obtenir les certificats verts de votre installation photovolta\u00efque ou votre cog\u00e9n\u00e9ration, vous devez imp\u00e9rativement passer par BRUGEL, le r\u00e9gulateur de l&#039;\u00e9nergie bruxellois\" \/>\n<meta property=\"og:url\" content=\"https:\/\/www.atlascontrole.be\/nl\/brugel\/\" \/>\n<meta property=\"og:site_name\" content=\"Atlas Contr\u00f4le\" \/>\n<meta property=\"article:publisher\" content=\"https:\/\/m.facebook.com\/Atlas-Controle-104305338008164\" \/>\n<meta property=\"article:modified_time\" content=\"2025-09-29T13:37:37+00:00\" \/>\n<meta property=\"og:image\" content=\"https:\/\/www.atlascontrole.be\/wp-content\/uploads\/2024\/10\/WhatsApp-Image-2024-10-01-a-15.07.16_e48ab032-1.webp\" \/>\n\t<meta property=\"og:image:width\" content=\"293\" \/>\n\t<meta property=\"og:image:height\" content=\"388\" \/>\n\t<meta property=\"og:image:type\" content=\"image\/webp\" \/>\n<meta name=\"twitter:card\" content=\"summary_large_image\" \/>\n<meta name=\"twitter:label1\" content=\"Geschatte leestijd\" \/>\n\t<meta name=\"twitter:data1\" content=\"3 minuten\" \/>\n<script type=\"application\/ld+json\" class=\"yoast-schema-graph\">{\"@context\":\"https:\\\/\\\/schema.org\",\"@graph\":[{\"@type\":\"WebPage\",\"@id\":\"https:\\\/\\\/www.atlascontrole.be\\\/brugel\\\/\",\"url\":\"https:\\\/\\\/www.atlascontrole.be\\\/brugel\\\/\",\"name\":\"BRUGEL\u00a0 - Atlas Contr\u00f4le\",\"isPartOf\":{\"@id\":\"https:\\\/\\\/www.atlascontrole.be\\\/#website\"},\"primaryImageOfPage\":{\"@id\":\"https:\\\/\\\/www.atlascontrole.be\\\/brugel\\\/#primaryimage\"},\"image\":{\"@id\":\"https:\\\/\\\/www.atlascontrole.be\\\/brugel\\\/#primaryimage\"},\"thumbnailUrl\":\"https:\\\/\\\/www.atlascontrole.be\\\/wp-content\\\/uploads\\\/2024\\\/10\\\/WhatsApp-Image-2024-10-01-a-15.07.16_e48ab032-1.webp\",\"datePublished\":\"2024-10-09T07:30:54+00:00\",\"dateModified\":\"2025-09-29T13:37:37+00:00\",\"description\":\"Afin d'obtenir les certificats verts de votre installation photovolta\u00efque ou votre cog\u00e9n\u00e9ration, vous devez imp\u00e9rativement passer par BRUGEL, le r\u00e9gulateur de l'\u00e9nergie bruxellois\",\"breadcrumb\":{\"@id\":\"https:\\\/\\\/www.atlascontrole.be\\\/brugel\\\/#breadcrumb\"},\"inLanguage\":\"nl-BE\",\"potentialAction\":[{\"@type\":\"ReadAction\",\"target\":[\"https:\\\/\\\/www.atlascontrole.be\\\/brugel\\\/\"]}]},{\"@type\":\"ImageObject\",\"inLanguage\":\"nl-BE\",\"@id\":\"https:\\\/\\\/www.atlascontrole.be\\\/brugel\\\/#primaryimage\",\"url\":\"https:\\\/\\\/www.atlascontrole.be\\\/wp-content\\\/uploads\\\/2024\\\/10\\\/WhatsApp-Image-2024-10-01-a-15.07.16_e48ab032-1.webp\",\"contentUrl\":\"https:\\\/\\\/www.atlascontrole.be\\\/wp-content\\\/uploads\\\/2024\\\/10\\\/WhatsApp-Image-2024-10-01-a-15.07.16_e48ab032-1.webp\"},{\"@type\":\"BreadcrumbList\",\"@id\":\"https:\\\/\\\/www.atlascontrole.be\\\/brugel\\\/#breadcrumb\",\"itemListElement\":[{\"@type\":\"ListItem\",\"position\":1,\"name\":\"Accueil\",\"item\":\"https:\\\/\\\/www.atlascontrole.be\\\/\"},{\"@type\":\"ListItem\",\"position\":2,\"name\":\"BRUGEL\u00a0\"}]},{\"@type\":\"WebSite\",\"@id\":\"https:\\\/\\\/www.atlascontrole.be\\\/#website\",\"url\":\"https:\\\/\\\/www.atlascontrole.be\\\/\",\"name\":\"Atlas Contr\u00f4le\",\"description\":\"Votre partenaire pour vos contr\u00f4les\",\"publisher\":{\"@id\":\"https:\\\/\\\/www.atlascontrole.be\\\/#organization\"},\"potentialAction\":[{\"@type\":\"SearchAction\",\"target\":{\"@type\":\"EntryPoint\",\"urlTemplate\":\"https:\\\/\\\/www.atlascontrole.be\\\/?s={search_term_string}\"},\"query-input\":{\"@type\":\"PropertyValueSpecification\",\"valueRequired\":true,\"valueName\":\"search_term_string\"}}],\"inLanguage\":\"nl-BE\"},{\"@type\":\"Organization\",\"@id\":\"https:\\\/\\\/www.atlascontrole.be\\\/#organization\",\"name\":\"Atlas Contr\u00f4le\",\"url\":\"https:\\\/\\\/www.atlascontrole.be\\\/\",\"logo\":{\"@type\":\"ImageObject\",\"inLanguage\":\"nl-BE\",\"@id\":\"https:\\\/\\\/www.atlascontrole.be\\\/#\\\/schema\\\/logo\\\/image\\\/\",\"url\":\"https:\\\/\\\/www.atlascontrole.be\\\/wp-content\\\/uploads\\\/2020\\\/07\\\/logo_ac_color.webp\",\"contentUrl\":\"https:\\\/\\\/www.atlascontrole.be\\\/wp-content\\\/uploads\\\/2020\\\/07\\\/logo_ac_color.webp\",\"width\":1192,\"height\":738,\"caption\":\"Atlas Contr\u00f4le\"},\"image\":{\"@id\":\"https:\\\/\\\/www.atlascontrole.be\\\/#\\\/schema\\\/logo\\\/image\\\/\"},\"sameAs\":[\"https:\\\/\\\/m.facebook.com\\\/Atlas-Controle-104305338008164\",\"https:\\\/\\\/www.linkedin.com\\\/company\\\/65699655\"]}]}<\/script>\n<!-- \/ Yoast SEO plugin. -->","yoast_head_json":{"title":"BRUGEL\u00a0 - Atlas Contr\u00f4le","description":"Afin d'obtenir les certificats verts de votre installation photovolta\u00efque ou votre cog\u00e9n\u00e9ration, vous devez imp\u00e9rativement passer par BRUGEL, le r\u00e9gulateur de l'\u00e9nergie bruxellois","robots":{"index":"index","follow":"follow","max-snippet":"max-snippet:-1","max-image-preview":"max-image-preview:large","max-video-preview":"max-video-preview:-1"},"canonical":"https:\/\/www.atlascontrole.be\/nl\/brugel\/","og_locale":"nl_BE","og_type":"article","og_title":"BRUGEL\u00a0 - Atlas Contr\u00f4le","og_description":"Afin d'obtenir les certificats verts de votre installation photovolta\u00efque ou votre cog\u00e9n\u00e9ration, vous devez imp\u00e9rativement passer par BRUGEL, le r\u00e9gulateur de l'\u00e9nergie bruxellois","og_url":"https:\/\/www.atlascontrole.be\/nl\/brugel\/","og_site_name":"Atlas Contr\u00f4le","article_publisher":"https:\/\/m.facebook.com\/Atlas-Controle-104305338008164","article_modified_time":"2025-09-29T13:37:37+00:00","og_image":[{"width":293,"height":388,"url":"https:\/\/www.atlascontrole.be\/wp-content\/uploads\/2024\/10\/WhatsApp-Image-2024-10-01-a-15.07.16_e48ab032-1.webp","type":"image\/webp"}],"twitter_card":"summary_large_image","twitter_misc":{"Geschatte leestijd":"3 minuten"},"schema":{"@context":"https:\/\/schema.org","@graph":[{"@type":"WebPage","@id":"https:\/\/www.atlascontrole.be\/brugel\/","url":"https:\/\/www.atlascontrole.be\/brugel\/","name":"BRUGEL\u00a0 - Atlas Contr\u00f4le","isPartOf":{"@id":"https:\/\/www.atlascontrole.be\/#website"},"primaryImageOfPage":{"@id":"https:\/\/www.atlascontrole.be\/brugel\/#primaryimage"},"image":{"@id":"https:\/\/www.atlascontrole.be\/brugel\/#primaryimage"},"thumbnailUrl":"https:\/\/www.atlascontrole.be\/wp-content\/uploads\/2024\/10\/WhatsApp-Image-2024-10-01-a-15.07.16_e48ab032-1.webp","datePublished":"2024-10-09T07:30:54+00:00","dateModified":"2025-09-29T13:37:37+00:00","description":"Afin d'obtenir les certificats verts de votre installation photovolta\u00efque ou votre cog\u00e9n\u00e9ration, vous devez imp\u00e9rativement passer par BRUGEL, le r\u00e9gulateur de l'\u00e9nergie bruxellois","breadcrumb":{"@id":"https:\/\/www.atlascontrole.be\/brugel\/#breadcrumb"},"inLanguage":"nl-BE","potentialAction":[{"@type":"ReadAction","target":["https:\/\/www.atlascontrole.be\/brugel\/"]}]},{"@type":"ImageObject","inLanguage":"nl-BE","@id":"https:\/\/www.atlascontrole.be\/brugel\/#primaryimage","url":"https:\/\/www.atlascontrole.be\/wp-content\/uploads\/2024\/10\/WhatsApp-Image-2024-10-01-a-15.07.16_e48ab032-1.webp","contentUrl":"https:\/\/www.atlascontrole.be\/wp-content\/uploads\/2024\/10\/WhatsApp-Image-2024-10-01-a-15.07.16_e48ab032-1.webp"},{"@type":"BreadcrumbList","@id":"https:\/\/www.atlascontrole.be\/brugel\/#breadcrumb","itemListElement":[{"@type":"ListItem","position":1,"name":"Accueil","item":"https:\/\/www.atlascontrole.be\/"},{"@type":"ListItem","position":2,"name":"BRUGEL\u00a0"}]},{"@type":"WebSite","@id":"https:\/\/www.atlascontrole.be\/#website","url":"https:\/\/www.atlascontrole.be\/","name":"Atlas Controle","description":"Uw partner voor uw cheques","publisher":{"@id":"https:\/\/www.atlascontrole.be\/#organization"},"potentialAction":[{"@type":"SearchAction","target":{"@type":"EntryPoint","urlTemplate":"https:\/\/www.atlascontrole.be\/?s={search_term_string}"},"query-input":{"@type":"PropertyValueSpecification","valueRequired":true,"valueName":"search_term_string"}}],"inLanguage":"nl-BE"},{"@type":"Organization","@id":"https:\/\/www.atlascontrole.be\/#organization","name":"Atlas Controle","url":"https:\/\/www.atlascontrole.be\/","logo":{"@type":"ImageObject","inLanguage":"nl-BE","@id":"https:\/\/www.atlascontrole.be\/#\/schema\/logo\/image\/","url":"https:\/\/www.atlascontrole.be\/wp-content\/uploads\/2020\/07\/logo_ac_color.webp","contentUrl":"https:\/\/www.atlascontrole.be\/wp-content\/uploads\/2020\/07\/logo_ac_color.webp","width":1192,"height":738,"caption":"Atlas Contr\u00f4le"},"image":{"@id":"https:\/\/www.atlascontrole.be\/#\/schema\/logo\/image\/"},"sameAs":["https:\/\/m.facebook.com\/Atlas-Controle-104305338008164","https:\/\/www.linkedin.com\/company\/65699655"]}]}},"_links":{"self":[{"href":"https:\/\/www.atlascontrole.be\/nl\/wp-json\/wp\/v2\/pages\/2417","targetHints":{"allow":["GET"]}}],"collection":[{"href":"https:\/\/www.atlascontrole.be\/nl\/wp-json\/wp\/v2\/pages"}],"about":[{"href":"https:\/\/www.atlascontrole.be\/nl\/wp-json\/wp\/v2\/types\/page"}],"author":[{"embeddable":true,"href":"https:\/\/www.atlascontrole.be\/nl\/wp-json\/wp\/v2\/users\/14"}],"replies":[{"embeddable":true,"href":"https:\/\/www.atlascontrole.be\/nl\/wp-json\/wp\/v2\/comments?post=2417"}],"version-history":[{"count":1,"href":"https:\/\/www.atlascontrole.be\/nl\/wp-json\/wp\/v2\/pages\/2417\/revisions"}],"predecessor-version":[{"id":3855,"href":"https:\/\/www.atlascontrole.be\/nl\/wp-json\/wp\/v2\/pages\/2417\/revisions\/3855"}],"wp:attachment":[{"href":"https:\/\/www.atlascontrole.be\/nl\/wp-json\/wp\/v2\/media?parent=2417"}],"curies":[{"name":"wp","href":"https:\/\/api.w.org\/{rel}","templated":true}]}}