{"id":2977,"date":"2025-06-17T15:13:40","date_gmt":"2025-06-17T13:13:40","guid":{"rendered":"https:\/\/www.atlascontrole.be\/?page_id=2977"},"modified":"2025-08-12T11:10:50","modified_gmt":"2025-08-12T09:10:50","slug":"controle-electricite-maison","status":"publish","type":"page","link":"https:\/\/www.atlascontrole.be\/nl\/controle-electricite-maison\/","title":{"rendered":"Elektrische keuring van een woning"},"content":{"rendered":"<p>In Belgi\u00eb is elektrische veiligheid in woningen een belangrijk thema, zowel voor eigenaren als voor huurders. <strong>elektrische keuring van uw huis<\/strong> Hierdoor kunnen we ervoor zorgen dat de installatie voldoet aan de geldende normen en geen problemen oplevert. <strong>geen gevaar voor de inzittenden<\/strong>.<\/p>\n\n\n\n<p>Maar wat houdt deze inspectie precies in? Is het verplicht voor alle woningen? Hoe wordt het uitgevoerd? En, nog belangrijker, wat moet u doen als de installatie niet aan de eisen voldoet? In dit artikel beantwoorden we al uw vragen en geven we u een duidelijk en toegankelijk overzicht van de inspectie. <strong>Elektriciteitsregeling in een huis<\/strong>of je nu <strong>huurder<\/strong>, <strong>eigenaar-bewoner<\/strong>, Waar <strong>verhuurder<\/strong>.<\/p>\n\n\n\n<figure class=\"wp-block-image size-full\"><picture class=\"owedo-imc-picture\"><source type=\"image\/webp\" srcset=\"https:\/\/www.atlascontrole.be\/wp-content\/uploads\/2025\/06\/Unknown-2.webp 387w, https:\/\/www.atlascontrole.be\/wp-content\/uploads\/2025\/06\/Unknown-2-367x123.webp 367w\" sizes=\"(max-width: 387px) 100vw, 387px\"><\/source><img fetchpriority=\"high\" decoding=\"async\" width=\"387\" height=\"130\" src=\"https:\/\/www.atlascontrole.be\/wp-content\/uploads\/2025\/06\/Unknown-2.webp\" alt=\"\" class=\"wp-image-2981\"><\/picture><\/figure>\n\n\n\n<h2 class=\"wp-block-heading\"><strong>Waarom is elektrische besturing belangrijk?<\/strong><\/h2>\n\n\n\n<p>Elektrische besturing maakt het mogelijk om <strong>het voorkomen van huiselijke ongelukken<\/strong>Denk bijvoorbeeld aan elektrocutie, kortsluiting of brand als gevolg van een gebrekkige installatie. Deze incidenten komen vaker voor dan men zou denken.<\/p>\n\n\n\n<p><strong>Nuttige statistiek:<\/strong> Volgens het Federaal Kenniscentrum voor Civiele Bescherming (KCCE) zijn er meer dan <strong>1 op de 3 woningbranden<\/strong> in Belgi\u00eb wordt veroorzaakt door een <strong>gebrekkige elektrische installatie<\/strong> of slecht onderhouden.<\/p>\n\n\n\n<p>een <strong>rapport over de naleving van de elektrische voorschriften<\/strong> zorgt ervoor dat de installatie:<\/p>\n\n\n\n<ul class=\"wp-block-list\">\n<li>voldoet aan de RGIE-normen (Algemene voorschriften voor elektrische installaties).<\/li>\n\n\n\n<li>is beschermd tegen overbelasting en isolatiefouten.<\/li>\n\n\n\n<li>is uitgerust met een aardlekschakelaar die naar behoren functioneert.<\/li>\n<\/ul>\n\n\n\n<h2 class=\"wp-block-heading\"><strong>Is het verplicht voor een woning?<\/strong><\/h2>\n\n\n\n<p>Ja, in diverse gevallen. <strong><a href=\"https:\/\/economie.fgov.be\/fr\/themes\/energie\/sources-et-vecteurs-denergie\/electricite\/securite-et-controle-des\/controle-des-installations#:~:text=%2C%20266.31%20Ko).-,Quand%20devez%2Dvous%20proc%C3%A9der%20%C3%A0%20un%20contr%C3%B4le%20de%20votre%20installation,p%C3%A9riodiquement\">De keuring van elektrische installaties is verplicht.<\/a><\/strong> :<\/p>\n\n\n\n<p><strong>1. In geval van verkoop van een onroerend goed<\/strong><\/p>\n\n\n\n<p>Sinds 1 juli 2008 moet elke eigenaar die een woning verkoopt een <strong>rapport van de elektrische keuring<\/strong>Als de installatie is uitgevoerd <strong>v\u00f3\u00f3r 1 oktober 1981<\/strong>Het moet v\u00f3\u00f3r de verkoop worden ge\u00efnspecteerd.<\/p>\n\n\n\n<p>Het rapport moet aan de notari\u00eble akte worden gehecht.<\/p>\n\n\n\n<p><strong>2. In het geval van een nieuwe installatie of renovatie.<\/strong><\/p>\n\n\n\n<p>Bent u bezig met een nieuwe installatie of renovatiewerkzaamheden? Dan is elektrische besturing een essenti\u00eble stap.<\/p>\n\n\n\n<p><strong>3. In geval van verhuur<\/strong><\/p>\n\n\n\n<p>In tegenstelling tot verkoop is bij verhuur niet standaard een elektrische keuring vereist. Echter, <strong>regio&#039;s Brussel en Walloni\u00eb<\/strong> de verplichtingen van eigenaren versterken met betrekking tot <strong>fatsoenlijke huisvesting<\/strong>en de elektrische conformiteit wordt steeds vaker gecontroleerd tijdens de <strong>woningaudits<\/strong> of inspecties op het gebied van gezondheid en veiligheid.<\/p>\n\n\n\n<p>Bovendien vereisen sommige gemeenten een controle voor de <strong>gebouwen opgedeeld in meerdere woningen<\/strong> (colocations, studios, logements \u00e9tudiants\u2026).<\/p>\n\n\n\n<p><\/p>\n\n\n\n<h2 class=\"wp-block-heading\"><strong>Wie voert de elektrische keuring uit?<\/strong><\/h2>\n\n\n\n<p>De inspectie moet worden uitgevoerd door een <strong>erkend organisme<\/strong> door de Federale Overheidsdienst Economie. Onder de erkende dienstverleners in Belgi\u00eb, <strong>Atlas Controle<\/strong> biedt deze service aan voor alle soorten woningen, of het nu gaat om eengezinswoningen, appartementencomplexen of collectieve woonvormen.<\/p>\n\n\n\n<p>een <strong>gecertificeerd inspecteur<\/strong> gaat ter plaatse om te controleren of de installatie voldoet aan de criteria die door de RGIE zijn vastgesteld.<\/p>\n\n\n\n<p><\/p>\n\n\n\n<h2 class=\"wp-block-heading\"><strong>Hoe wordt een elektrische keuring uitgevoerd?<\/strong><\/h2>\n\n\n\n<figure class=\"wp-block-image size-full\"><picture class=\"owedo-imc-picture\"><source type=\"image\/webp\" srcset=\"https:\/\/www.atlascontrole.be\/wp-content\/uploads\/2025\/06\/Unknown-3.webp\"><\/source><img decoding=\"async\" width=\"347\" height=\"145\" src=\"https:\/\/www.atlascontrole.be\/wp-content\/uploads\/2025\/06\/Unknown-3.webp\" alt=\"\" class=\"wp-image-2982\"><\/picture><\/figure>\n\n\n\n<p><\/p>\n\n\n\n<p><strong>Stap 1: Een afspraak maken<\/strong><\/p>\n\n\n\n<p>Je neemt contact op met een geaccrediteerde instantie en stelt een inspectiedatum vast.<\/p>\n\n\n\n<p><strong>Stap 2: Installatie-inspectie<\/strong><\/p>\n\n\n\n<p>De controller controleert:<\/p>\n\n\n\n<ul class=\"wp-block-list\">\n<li>De <strong>eendraadschema<\/strong> (circuitweergave)<\/li>\n\n\n\n<li>De <strong>positieplan<\/strong> (emplacement des prises, interrupteurs\u2026),<\/li>\n\n\n\n<li>de goede werking van de <strong>Aardlekschakelaar<\/strong>,<\/li>\n\n\n\n<li>de algemene toestand van <strong>elektrisch paneel<\/strong>,<\/li>\n\n\n\n<li>daar <strong>aarding<\/strong>,<\/li>\n\n\n\n<li>De bescherming van circuits en geleiders.<\/li>\n<\/ul>\n\n\n\n<p><strong>Stap 3: Inspectierapport<\/strong><\/p>\n\n\n\n<p>Na de inspectie zijn twee scenario&#039;s mogelijk:<\/p>\n\n\n\n<ul class=\"wp-block-list\">\n<li><strong>Installatie voldoet aan de eisen<\/strong> : A <strong>verklaring van overeenstemming<\/strong> wordt uitgegeven, over het algemeen geldig <strong>25 jaar oud<\/strong>.<\/li>\n\n\n\n<li><strong>Niet-conforme installatie<\/strong> : A <strong>rapport van niet-naleving<\/strong> wordt ingediend, samen met de afwijkingen die binnen een bepaalde termijn moeten worden gecorrigeerd.<\/li>\n<\/ul>\n\n\n\n<p><\/p>\n\n\n\n<h2 class=\"wp-block-heading\"><strong>Wat zijn de meest voorkomende afwijkingen?<\/strong><\/h2>\n\n\n\n<p>Tijdens een inspectie worden de volgende problemen het vaakst aangetroffen:<\/p>\n\n\n\n<ul class=\"wp-block-list\">\n<li>Afwezigheid of storing van de <strong>Aardlekschakelaar<\/strong><\/li>\n\n\n\n<li>Afwezigheid van <strong>aarding<\/strong><\/li>\n\n\n\n<li>Stekkers zonder kinderbeveiliging<\/li>\n\n\n\n<li>Blootliggende of slecht ge\u00efsoleerde geleiders<\/li>\n\n\n\n<li>Gebrek aan technische schema&#039;s<\/li>\n\n\n\n<li>Oude installatie, daterend van v\u00f3\u00f3r de huidige normen.<\/li>\n<\/ul>\n\n\n\n<p><\/p>\n\n\n\n<p><\/p>\n\n\n\n<h2 class=\"wp-block-heading\"><strong>Wat zijn de risico&#039;s in geval van niet-naleving?<\/strong><\/h2>\n\n\n\n<p>Het negeren van een melding van niet-naleving kan leiden tot:<\/p>\n\n\n\n<ul class=\"wp-block-list\">\n<li>een <strong>weigering van verzekering<\/strong> in geval van een ramp (brand),<\/li>\n\n\n\n<li>van de <strong>administratieve sancties<\/strong> in geval van een inspectie door de autoriteiten,<\/li>\n\n\n\n<li>A <strong>formele kennisgeving<\/strong> voor naleving van de regelgeving, met name in huurwoningen.<\/li>\n<\/ul>\n\n\n\n<p>Aangezien <strong>huurder<\/strong>U heeft het recht om de verhuurder te vragen een <strong>nalevingsrapport<\/strong> als u vermoedt dat de installatie verouderd of gevaarlijk is.<\/p>\n\n\n\n<p>Aangezien <strong>verhuurder<\/strong>Het bieden van veilige huisvesting is een <strong>wettelijke verplichting<\/strong>Niet-naleving kan ertoe leiden dat u aansprakelijk wordt gesteld in geval van een ongeval.<\/p>\n\n\n\n<p><\/p>\n\n\n\n<h2 class=\"wp-block-heading\"><strong>Wat te doen in geval van niet-naleving?<\/strong><\/h2>\n\n\n\n<p>Geen paniek: een non-conformiteitsrapport betekent niet dat alles opnieuw moet worden gedaan. Het rapport geeft aan welke elementen gecorrigeerd moeten worden. Daarna kunt u:<\/p>\n\n\n\n<ol class=\"wp-block-list\">\n<li>Bel op een <strong>gecertificeerd elektricien<\/strong> om het werk uit te voeren.<\/li>\n\n\n\n<li>Plan een <strong>opnieuw bekijken<\/strong> met dezelfde instantie om de naleving te controleren.<\/li>\n\n\n\n<li>Krijg een <strong>nieuw conformiteitscertificaat<\/strong> zodra de correcties zijn aangebracht.<\/li>\n<\/ol>\n\n\n\n<p><\/p>\n\n\n\n<h2 class=\"wp-block-heading\"><strong>Elektrische keuring en energieaudit: hoe vullen ze elkaar aan?<\/strong><\/h2>\n\n\n\n<p>Voor huurwoningen combineren we een elektrische keuring met een energieprestatiecertificaat (Energy Performance of Building, PEB).<\/p>\n\n\n\n<p>Een uitgebreide audit stelt ons in staat om het volgende te beoordelen:<\/p>\n\n\n\n<ul class=\"wp-block-list\">\n<li>de toestand van de elektrische installatie,<\/li>\n\n\n\n<li>de energieprestatie van het gebouw,<\/li>\n\n\n\n<li>de kwaliteit van de gasinstallatie,<\/li>\n\n\n\n<li>renovatiebehoeften.<\/li>\n<\/ul>\n\n\n\n<p>Het is een <strong>tijdsbesparing<\/strong> en de effici\u00ebntie te verhogen door de noodzakelijke controles in \u00e9\u00e9n bezoek te bundelen.<\/p>\n\n\n\n<p>In het huis van <strong>Atlas Controle<\/strong>Wij bieden deze diensten centraal aan om uw procedures te vereenvoudigen.<\/p>\n\n\n\n<p><\/p>\n\n\n\n<h2 class=\"wp-block-heading\"><strong>Wat kost een elektrische keuring?<\/strong><\/h2>\n\n\n\n<p>De prijs van een elektrische keuring hangt af van de grootte van het pand en het type installatie. Gemiddeld kost het tussen de ... en ... <strong>\u20ac130 en \u20ac190 inclusief btw<\/strong> voor een eengezinswoning.<\/p>\n\n\n\n<p>In het huis van <strong>Atlas Controle<\/strong>Wij zetten ons in om aan te bieden <strong>beste prijs gegarandeerd<\/strong>, zonder verborgen kosten, met een <strong>Snelle en professionele service<\/strong>.<\/p>\n\n\n\n<p><\/p>\n\n\n\n<h2 class=\"wp-block-heading\"><strong>Waarom kiezen voor Atlas Control?<\/strong><\/h2>\n\n\n\n<figure class=\"wp-block-image size-full\"><picture class=\"owedo-imc-picture\"><source type=\"image\/webp\" srcset=\"https:\/\/www.atlascontrole.be\/wp-content\/uploads\/2025\/06\/Capture-decran-2025-06-17-a-15.06.23.webp 722w, https:\/\/www.atlascontrole.be\/wp-content\/uploads\/2025\/06\/Capture-decran-2025-06-17-a-15.06.23-640x293.webp 640w, https:\/\/www.atlascontrole.be\/wp-content\/uploads\/2025\/06\/Capture-decran-2025-06-17-a-15.06.23-400x183.webp 400w, https:\/\/www.atlascontrole.be\/wp-content\/uploads\/2025\/06\/Capture-decran-2025-06-17-a-15.06.23-367x168.webp 367w\" sizes=\"(max-width: 722px) 100vw, 722px\"><\/source><img decoding=\"async\" width=\"722\" height=\"330\" src=\"https:\/\/www.atlascontrole.be\/wp-content\/uploads\/2025\/06\/Capture-decran-2025-06-17-a-15.06.23.webp\" alt=\"\" class=\"wp-image-2988\"><\/picture><\/figure>\n\n\n\n<p><strong><a href=\"https:\/\/www.atlascontrole.be\/nl\/\">Atlas Controle<\/a><\/strong> is een <strong>erkend organisme<\/strong>Wij zijn gespecialiseerd in elektrische installaties, gasinstallaties, energieprestatiecertificaten (PEB) en woningaudits. Onze missie is om <strong>om de veiligheid van woningen te waarborgen<\/strong> terwijl ze diensten aanbieden <strong>eenvoudig, toegankelijk en betaalbaar<\/strong>.<\/p>\n\n\n\n<p>Onze voordelen:<\/p>\n\n\n\n<ul class=\"wp-block-list\">\n<li><strong>Snel beschikbaar<\/strong>online afspraak boeken<\/li>\n\n\n\n<li><strong>Ervaren controllers<\/strong>, pedagogisch en attent<\/li>\n\n\n\n<li><strong>Concurrerende prijzen<\/strong><\/li>\n\n\n\n<li><strong>Volledige service<\/strong> Elektriciteit, gas, PEB, SPF Interieur<\/li>\n<\/ul>\n\n\n\n<p><\/p>\n\n\n\n<h2 class=\"wp-block-heading\"><strong>Conclusie: Elektrische controles, een veiligheidsreflex.<\/strong><\/h2>\n\n\n\n<p>We zouden de beheersing van de elektriciteit in een huis niet als een beperking moeten zien, maar als een verstandige maatregel.<\/p>\n\n\n\n<p>Of je nu <strong>huurder<\/strong> of <strong>eigenaar<\/strong>jouw <strong>veiligheid<\/strong> en die van uw dierbaren.<\/p>\n\n\n\n<p>Maak gebruik van een geaccrediteerde organisatie zoals <strong>Atlas Controle<\/strong> Om te controleren of uw accommodatie voldoet aan de huidige normen, ongelukken te voorkomen en goed te slapen.<\/p>\n\n\n\n<p><\/p>\n\n\n\n<h2 class=\"wp-block-heading\"><strong>In welke regio&#039;s zijn we aanwezig?<\/strong><\/h2>\n\n\n\n<p>We zijn in de hele regio aanwezig. <strong>Brussel<\/strong> en in <strong>Walloni\u00eb<\/strong>Ons doel is om aan uw behoeften te kunnen voldoen, waar u zich ook bevindt.<\/p>\n\n\n\n<p>Neem contact met ons op om een <strong>PEB-inspectie<\/strong>, A <strong>gas- of elektriciteitsregeling<\/strong> of een <strong>zei accommodatie<\/strong>.<br><\/p>\n\n\n\n<p>Wij zijn aanwezig in de gemeenten van <strong>Brussel<\/strong> (Brussel stad, Elsene, Etterbeek, Evere, Anderlecht, Molenbeek, Ganshoren, Jette, Koekelberg, Oudergem, Schaarbeek, Sint-Gillis, Sint-Agatha-Berchem, Sint-Joost, Sint-Lambrechts-Woluwe, Sint-Pieters-Woluwe, Ukkel, Vorst, Watermaal-Bosvoorde).<\/p>\n\n\n\n<p><\/p>\n\n\n\n<p>Wij zijn ook aanwezig in <strong>Walloni\u00eb<\/strong> (in de regio\u2019s Waver, Nijvel, Louvain-la-Neuve, Namen, Luik, Bergen, Charleroi, Doornik, Aarlen en andere steden).<\/p>\n\n\n\n<p><strong>Beschikbaar<\/strong>Onze ervaren controllers staan klaar om aan uw behoeften te voldoen.<\/p>\n\n\n\n<p><\/p>\n\n\n\n<p>In het huis van <strong>Atlas Controle<\/strong>Wij bieden ook diensten aan zoals: <strong>gas controle<\/strong>, En <strong>inspectie van elektrische installaties<\/strong>.<\/p>\n\n\n\n<p>\ud83d\udc49 <strong>Aarzel niet langer, kies voor kwaliteitsdiensten tegen de laagste prijs met Atlas Control.<\/strong><\/p>\n\n\n\n<p><\/p>","protected":false},"excerpt":{"rendered":"<p>En Belgique, la s\u00e9curit\u00e9 \u00e9lectrique des logements est un enjeu majeur, tant pour les propri\u00e9taires que pour les locataires. le contr\u00f4le \u00e9lectricit\u00e9 de votre maison permet de s\u2019assurer que l\u2019installation est conforme aux normes en vigueur et ne pr\u00e9sente aucun danger pour les occupants. Mais \u00e0 quoi correspond exactement ce contr\u00f4le ? Est-il obligatoire pour [&hellip;]<\/p>\n","protected":false},"author":19,"featured_media":0,"parent":0,"menu_order":0,"comment_status":"closed","ping_status":"closed","template":"","meta":{"footnotes":""},"class_list":["post-2977","page","type-page","status-publish","hentry"],"yoast_head":"<!-- This site is optimized with the Yoast SEO plugin v27.4 - https:\/\/yoast.com\/product\/yoast-seo-wordpress\/ -->\n<title>Contr\u00f4le \u00e9lectricit\u00e9 maison - Atlas Contr\u00f4le<\/title>\n<meta name=\"description\" content=\"le contr\u00f4le \u00e9lectricit\u00e9 maison en Belgique : obligation, prix, risques en cas de non-conformit\u00e9 et services propos\u00e9s par Atlas Contr\u00f4le\" \/>\n<meta name=\"robots\" content=\"index, follow, max-snippet:-1, max-image-preview:large, max-video-preview:-1\" \/>\n<link rel=\"canonical\" href=\"https:\/\/www.atlascontrole.be\/nl\/controle-electricite-maison\/\" \/>\n<meta property=\"og:locale\" content=\"nl_BE\" \/>\n<meta property=\"og:type\" content=\"article\" \/>\n<meta property=\"og:title\" content=\"Contr\u00f4le \u00e9lectricit\u00e9 maison - Atlas Contr\u00f4le\" \/>\n<meta property=\"og:description\" content=\"le contr\u00f4le \u00e9lectricit\u00e9 maison en Belgique : obligation, prix, risques en cas de non-conformit\u00e9 et services propos\u00e9s par Atlas Contr\u00f4le\" \/>\n<meta property=\"og:url\" content=\"https:\/\/www.atlascontrole.be\/nl\/controle-electricite-maison\/\" \/>\n<meta property=\"og:site_name\" content=\"Atlas Contr\u00f4le\" \/>\n<meta property=\"article:publisher\" content=\"https:\/\/m.facebook.com\/Atlas-Controle-104305338008164\" \/>\n<meta property=\"article:modified_time\" content=\"2025-08-12T09:10:50+00:00\" \/>\n<meta property=\"og:image\" content=\"https:\/\/www.atlascontrole.be\/wp-content\/uploads\/2025\/06\/Unknown-2.webp\" \/>\n\t<meta property=\"og:image:width\" content=\"387\" \/>\n\t<meta property=\"og:image:height\" content=\"130\" \/>\n\t<meta property=\"og:image:type\" content=\"image\/webp\" \/>\n<meta name=\"twitter:card\" content=\"summary_large_image\" \/>\n<meta name=\"twitter:label1\" content=\"Geschatte leestijd\" \/>\n\t<meta name=\"twitter:data1\" content=\"7 minuten\" \/>\n<script type=\"application\/ld+json\" class=\"yoast-schema-graph\">{\"@context\":\"https:\\\/\\\/schema.org\",\"@graph\":[{\"@type\":\"WebPage\",\"@id\":\"https:\\\/\\\/www.atlascontrole.be\\\/controle-electricite-maison\\\/\",\"url\":\"https:\\\/\\\/www.atlascontrole.be\\\/controle-electricite-maison\\\/\",\"name\":\"Contr\u00f4le \u00e9lectricit\u00e9 maison - Atlas Contr\u00f4le\",\"isPartOf\":{\"@id\":\"https:\\\/\\\/www.atlascontrole.be\\\/#website\"},\"primaryImageOfPage\":{\"@id\":\"https:\\\/\\\/www.atlascontrole.be\\\/controle-electricite-maison\\\/#primaryimage\"},\"image\":{\"@id\":\"https:\\\/\\\/www.atlascontrole.be\\\/controle-electricite-maison\\\/#primaryimage\"},\"thumbnailUrl\":\"https:\\\/\\\/www.atlascontrole.be\\\/wp-content\\\/uploads\\\/2025\\\/06\\\/Unknown-2.webp\",\"datePublished\":\"2025-06-17T13:13:40+00:00\",\"dateModified\":\"2025-08-12T09:10:50+00:00\",\"description\":\"le contr\u00f4le \u00e9lectricit\u00e9 maison en Belgique : obligation, prix, risques en cas de non-conformit\u00e9 et services propos\u00e9s par Atlas Contr\u00f4le\",\"breadcrumb\":{\"@id\":\"https:\\\/\\\/www.atlascontrole.be\\\/controle-electricite-maison\\\/#breadcrumb\"},\"inLanguage\":\"nl-BE\",\"potentialAction\":[{\"@type\":\"ReadAction\",\"target\":[\"https:\\\/\\\/www.atlascontrole.be\\\/controle-electricite-maison\\\/\"]}]},{\"@type\":\"ImageObject\",\"inLanguage\":\"nl-BE\",\"@id\":\"https:\\\/\\\/www.atlascontrole.be\\\/controle-electricite-maison\\\/#primaryimage\",\"url\":\"https:\\\/\\\/www.atlascontrole.be\\\/wp-content\\\/uploads\\\/2025\\\/06\\\/Unknown-2.webp\",\"contentUrl\":\"https:\\\/\\\/www.atlascontrole.be\\\/wp-content\\\/uploads\\\/2025\\\/06\\\/Unknown-2.webp\"},{\"@type\":\"BreadcrumbList\",\"@id\":\"https:\\\/\\\/www.atlascontrole.be\\\/controle-electricite-maison\\\/#breadcrumb\",\"itemListElement\":[{\"@type\":\"ListItem\",\"position\":1,\"name\":\"Accueil\",\"item\":\"https:\\\/\\\/www.atlascontrole.be\\\/\"},{\"@type\":\"ListItem\",\"position\":2,\"name\":\"Contr\u00f4le \u00e9lectricit\u00e9 maison\"}]},{\"@type\":\"WebSite\",\"@id\":\"https:\\\/\\\/www.atlascontrole.be\\\/#website\",\"url\":\"https:\\\/\\\/www.atlascontrole.be\\\/\",\"name\":\"Atlas Contr\u00f4le\",\"description\":\"Votre partenaire pour vos contr\u00f4les\",\"publisher\":{\"@id\":\"https:\\\/\\\/www.atlascontrole.be\\\/#organization\"},\"potentialAction\":[{\"@type\":\"SearchAction\",\"target\":{\"@type\":\"EntryPoint\",\"urlTemplate\":\"https:\\\/\\\/www.atlascontrole.be\\\/?s={search_term_string}\"},\"query-input\":{\"@type\":\"PropertyValueSpecification\",\"valueRequired\":true,\"valueName\":\"search_term_string\"}}],\"inLanguage\":\"nl-BE\"},{\"@type\":\"Organization\",\"@id\":\"https:\\\/\\\/www.atlascontrole.be\\\/#organization\",\"name\":\"Atlas Contr\u00f4le\",\"url\":\"https:\\\/\\\/www.atlascontrole.be\\\/\",\"logo\":{\"@type\":\"ImageObject\",\"inLanguage\":\"nl-BE\",\"@id\":\"https:\\\/\\\/www.atlascontrole.be\\\/#\\\/schema\\\/logo\\\/image\\\/\",\"url\":\"https:\\\/\\\/www.atlascontrole.be\\\/wp-content\\\/uploads\\\/2020\\\/07\\\/logo_ac_color.webp\",\"contentUrl\":\"https:\\\/\\\/www.atlascontrole.be\\\/wp-content\\\/uploads\\\/2020\\\/07\\\/logo_ac_color.webp\",\"width\":1192,\"height\":738,\"caption\":\"Atlas Contr\u00f4le\"},\"image\":{\"@id\":\"https:\\\/\\\/www.atlascontrole.be\\\/#\\\/schema\\\/logo\\\/image\\\/\"},\"sameAs\":[\"https:\\\/\\\/m.facebook.com\\\/Atlas-Controle-104305338008164\",\"https:\\\/\\\/www.linkedin.com\\\/company\\\/65699655\"]}]}<\/script>\n<!-- \/ Yoast SEO plugin. -->","yoast_head_json":{"title":"Contr\u00f4le \u00e9lectricit\u00e9 maison - Atlas Contr\u00f4le","description":"le contr\u00f4le \u00e9lectricit\u00e9 maison en Belgique : obligation, prix, risques en cas de non-conformit\u00e9 et services propos\u00e9s par Atlas Contr\u00f4le","robots":{"index":"index","follow":"follow","max-snippet":"max-snippet:-1","max-image-preview":"max-image-preview:large","max-video-preview":"max-video-preview:-1"},"canonical":"https:\/\/www.atlascontrole.be\/nl\/controle-electricite-maison\/","og_locale":"nl_BE","og_type":"article","og_title":"Contr\u00f4le \u00e9lectricit\u00e9 maison - Atlas Contr\u00f4le","og_description":"le contr\u00f4le \u00e9lectricit\u00e9 maison en Belgique : obligation, prix, risques en cas de non-conformit\u00e9 et services propos\u00e9s par Atlas Contr\u00f4le","og_url":"https:\/\/www.atlascontrole.be\/nl\/controle-electricite-maison\/","og_site_name":"Atlas Contr\u00f4le","article_publisher":"https:\/\/m.facebook.com\/Atlas-Controle-104305338008164","article_modified_time":"2025-08-12T09:10:50+00:00","og_image":[{"width":387,"height":130,"url":"https:\/\/www.atlascontrole.be\/wp-content\/uploads\/2025\/06\/Unknown-2.webp","type":"image\/webp"}],"twitter_card":"summary_large_image","twitter_misc":{"Geschatte leestijd":"7 minuten"},"schema":{"@context":"https:\/\/schema.org","@graph":[{"@type":"WebPage","@id":"https:\/\/www.atlascontrole.be\/controle-electricite-maison\/","url":"https:\/\/www.atlascontrole.be\/controle-electricite-maison\/","name":"Contr\u00f4le \u00e9lectricit\u00e9 maison - Atlas Contr\u00f4le","isPartOf":{"@id":"https:\/\/www.atlascontrole.be\/#website"},"primaryImageOfPage":{"@id":"https:\/\/www.atlascontrole.be\/controle-electricite-maison\/#primaryimage"},"image":{"@id":"https:\/\/www.atlascontrole.be\/controle-electricite-maison\/#primaryimage"},"thumbnailUrl":"https:\/\/www.atlascontrole.be\/wp-content\/uploads\/2025\/06\/Unknown-2.webp","datePublished":"2025-06-17T13:13:40+00:00","dateModified":"2025-08-12T09:10:50+00:00","description":"le contr\u00f4le \u00e9lectricit\u00e9 maison en Belgique : obligation, prix, risques en cas de non-conformit\u00e9 et services propos\u00e9s par Atlas Contr\u00f4le","breadcrumb":{"@id":"https:\/\/www.atlascontrole.be\/controle-electricite-maison\/#breadcrumb"},"inLanguage":"nl-BE","potentialAction":[{"@type":"ReadAction","target":["https:\/\/www.atlascontrole.be\/controle-electricite-maison\/"]}]},{"@type":"ImageObject","inLanguage":"nl-BE","@id":"https:\/\/www.atlascontrole.be\/controle-electricite-maison\/#primaryimage","url":"https:\/\/www.atlascontrole.be\/wp-content\/uploads\/2025\/06\/Unknown-2.webp","contentUrl":"https:\/\/www.atlascontrole.be\/wp-content\/uploads\/2025\/06\/Unknown-2.webp"},{"@type":"BreadcrumbList","@id":"https:\/\/www.atlascontrole.be\/controle-electricite-maison\/#breadcrumb","itemListElement":[{"@type":"ListItem","position":1,"name":"Accueil","item":"https:\/\/www.atlascontrole.be\/"},{"@type":"ListItem","position":2,"name":"Contr\u00f4le \u00e9lectricit\u00e9 maison"}]},{"@type":"WebSite","@id":"https:\/\/www.atlascontrole.be\/#website","url":"https:\/\/www.atlascontrole.be\/","name":"Atlas Controle","description":"Uw partner voor uw cheques","publisher":{"@id":"https:\/\/www.atlascontrole.be\/#organization"},"potentialAction":[{"@type":"SearchAction","target":{"@type":"EntryPoint","urlTemplate":"https:\/\/www.atlascontrole.be\/?s={search_term_string}"},"query-input":{"@type":"PropertyValueSpecification","valueRequired":true,"valueName":"search_term_string"}}],"inLanguage":"nl-BE"},{"@type":"Organization","@id":"https:\/\/www.atlascontrole.be\/#organization","name":"Atlas Controle","url":"https:\/\/www.atlascontrole.be\/","logo":{"@type":"ImageObject","inLanguage":"nl-BE","@id":"https:\/\/www.atlascontrole.be\/#\/schema\/logo\/image\/","url":"https:\/\/www.atlascontrole.be\/wp-content\/uploads\/2020\/07\/logo_ac_color.webp","contentUrl":"https:\/\/www.atlascontrole.be\/wp-content\/uploads\/2020\/07\/logo_ac_color.webp","width":1192,"height":738,"caption":"Atlas Contr\u00f4le"},"image":{"@id":"https:\/\/www.atlascontrole.be\/#\/schema\/logo\/image\/"},"sameAs":["https:\/\/m.facebook.com\/Atlas-Controle-104305338008164","https:\/\/www.linkedin.com\/company\/65699655"]}]}},"_links":{"self":[{"href":"https:\/\/www.atlascontrole.be\/nl\/wp-json\/wp\/v2\/pages\/2977","targetHints":{"allow":["GET"]}}],"collection":[{"href":"https:\/\/www.atlascontrole.be\/nl\/wp-json\/wp\/v2\/pages"}],"about":[{"href":"https:\/\/www.atlascontrole.be\/nl\/wp-json\/wp\/v2\/types\/page"}],"author":[{"embeddable":true,"href":"https:\/\/www.atlascontrole.be\/nl\/wp-json\/wp\/v2\/users\/19"}],"replies":[{"embeddable":true,"href":"https:\/\/www.atlascontrole.be\/nl\/wp-json\/wp\/v2\/comments?post=2977"}],"version-history":[{"count":0,"href":"https:\/\/www.atlascontrole.be\/nl\/wp-json\/wp\/v2\/pages\/2977\/revisions"}],"wp:attachment":[{"href":"https:\/\/www.atlascontrole.be\/nl\/wp-json\/wp\/v2\/media?parent=2977"}],"curies":[{"name":"wp","href":"https:\/\/api.w.org\/{rel}","templated":true}]}}