{"id":334,"date":"2020-06-15T22:48:06","date_gmt":"2020-06-15T20:48:06","guid":{"rendered":"https:\/\/www.atlascontrole.be\/?page_id=334"},"modified":"2026-02-10T14:36:29","modified_gmt":"2026-02-10T13:36:29","slug":"certificat-peb","status":"publish","type":"page","link":"https:\/\/www.atlascontrole.be\/nl\/certificat-peb\/","title":{"rendered":"EPC-certificaat"},"content":{"rendered":"<div class=\"wpb-content-wrapper\"><div class=\"vc_row wpb_row row top-row vc_custom_1679913651641 wpb_custom_034b39d9bc6c6b310d69e39f0ccf274f\"><div class=\"vc_column_container col-md-8\"><div class=\"wpb_wrapper vc_column-inner\"><h2 style=\"font-size: 30px\" class=\"vc_custom_heading vc_do_custom_heading wpb_custom_aa365bd5046e8294520b4e73732b9d15 align-left\" >In welke gevallen is het PEB-certificaat noodzakelijk?<\/h2>\r\n\t<div class=\"wpb_text_column wpb_content_element vc_custom_1770720051304 lead wpb_custom_89c0f6f0a2ca8d76a99fe0c1ad129a2e\" >\r\n\t\t<div class=\"wpb_wrapper\">\r\n\t\t\t<p>De regionale regelgeving legt energienormen op aan woningen<\/p>\n<p><strong>Het is noodzakelijk:<\/strong><\/p>\n<ul>\n<li>Als onderdeel van een <a href=\"https:\/\/www.atlascontrole.be\/nl\/controle-electrique\/certificat-conformite-electrique\/\">verkoop<\/a> of de verhuur van een woning. Het stelt kopers of huurders in staat om beter ge\u00efnformeerd te zijn over de kwaliteit van de accommodatie.<\/li>\n<li>Advertenties voor de verkoop of verhuur van onroerend goed moeten de energieprestatie van het pand vermelden.<\/li>\n<li>Voordat u een voorlopige koopovereenkomst of een huurovereenkomst ondertekent.<\/li>\n<\/ul>\n<p><strong>Sancties:<\/strong><br data-start=\"1142\" data-end=\"1145\" \/>Een ieder die het PEB-certificaat niet overlegt of de reclameverplichtingen niet nakomt, wordt gestraft met een gevangenisstraf van 8 dagen tot 1 jaar en\/of een geldboete van 25 euro tot 25.000 euro.<\/p>\n<p>Daarom worden er controles uitgevoerd om te controleren of de PEB-gegevens correct in de advertenties van het onroerend goed worden weergegeven en of het certificaat correct wordt overgedragen tijdens de verkoop.<\/p>\n<p>Om een snelle service te garanderen, voert Atlas Contr\u00f4le <a href=\"https:\/\/www.atlascontrole.be\/nl\/certificat-peb\/\">\u00a0PEB-certificaten<\/a> via eigen certificeringsinstanties.<\/p>\n\r\n\t\t<\/div>\r\n\t<\/div>\r\n<h2 style=\"font-size: 30px\" class=\"vc_custom_heading vc_do_custom_heading wpb_custom_aa365bd5046e8294520b4e73732b9d15 align-left\" >Prijs van het PEB-certificaat<\/h2>\r\n\t<div class=\"wpb_text_column wpb_content_element vc_custom_1770719931281 lead wpb_custom_fc59b394c2cdfc0b6c4d2bca8c59dc12\" >\r\n\t\t<div class=\"wpb_wrapper\">\r\n\t\t\t<ul>\n<li>Studio: \u20ac150<\/li>\n<li>Appartement: \u20ac220<\/li>\n<li>Huis (tot 200 m\u00b2): \u20ac 290<\/li>\n<li>Huis (tussen 200 en 300 m\u00b2): \u20ac320<\/li>\n<li>Huis (groter dan 300 m\u00b2): \u20ac370<\/li>\n<li>Extra PEB-simulatie: \u20ac 85<\/li>\n<\/ul>\n\r\n\t\t<\/div>\r\n\t<\/div>\r\n<h2 style=\"font-size: 30px;line-height: -10\" class=\"vc_custom_heading vc_do_custom_heading wpb_custom_aa365bd5046e8294520b4e73732b9d15 align-left\" >Waarom kiezen voor een betrouwbare partner?<\/h2>\r\n\t<div class=\"wpb_text_column wpb_content_element vc_custom_1770720172674 lead wpb_custom_b3eef034b43b6fcce74b418a3900e195\" >\r\n\t\t<div class=\"wpb_wrapper\">\r\n\t\t\t<ul>\n<li><a href=\"https:\/\/www.rtbf.be\/article\/plainte-contre-la-societe-de-certification-peb-certinergie-11375109\">De zekerheid dat een goedgekeurd persoon<\/a> certificeert uw eigendom<\/li>\n<li>Een passend label dat de verkoop van uw woning niet in de weg staat<\/li>\n<li>Een snel geleverd rapport, zodat u uw advertentie zonder vertraging kunt publiceren<\/li>\n<\/ul>\n\r\n\t\t<\/div>\r\n\t<\/div>\r\n<\/div><\/div><div class=\"vc_column_container col-md-4 vc_custom_1679994068081\"><div class=\"wpb_wrapper vc_column-inner\">\r\n\t<div class=\"wpb_single_image wpb_content_element vc_align_right wpb_content_element  wpb_custom_81a4f7ef9830bf958462581aa01150fb\"><div class=\"wpb_wrapper\">\r\n\t\t\t\r\n\t\t\t<div class=\"vc_single_image-wrapper   vc_box_border_grey\"><\/div>\r\n\t\t<\/div>\r\n\t<\/div>\r\n<\/div><\/div><\/div><div class=\"vc_row wpb_row row top-row wpb_custom_034b39d9bc6c6b310d69e39f0ccf274f\"><div class=\"vc_column_container col-md-12\"><div class=\"wpb_wrapper vc_column-inner\"><\/div><\/div><\/div>\n<\/div>","protected":false},"excerpt":{"rendered":"Dans quels cas le certificat PEB est-il n\u00e9cessaire? Les r\u00e9glementations r\u00e9gionales imposent des normes \u00e9nerg\u00e9tiques aux logements. Il est n\u00e9cessaire: Dans le cadre d'une vente ou d'une mise en location d'un bien. Il permet aux acheteurs ou locataires d'\u00eatre mieux inform\u00e9s de la qualit\u00e9 du logement. Dans les publicit\u00e9s de vente ou de location d'un [...]","protected":false},"author":1,"featured_media":0,"parent":0,"menu_order":0,"comment_status":"closed","ping_status":"closed","template":"","meta":{"footnotes":""},"class_list":["post-334","page","type-page","status-publish","hentry"],"yoast_head":"<!-- This site is optimized with the Yoast SEO plugin v27.4 - https:\/\/yoast.com\/product\/yoast-seo-wordpress\/ -->\n<title>Certificat PEB - Atlas Contr\u00f4le<\/title>\n<meta name=\"description\" content=\"Atlas Contr\u00f4le vous offre un acc\u00e8s facile au certificat PEB, garantissant la performance \u00e9nerg\u00e9tique de votre habitation. D\u00e9couvrez notre expertise en contr\u00f4le d&#039;installation gaz et \u00e9lectrique, et assurez-vous de la conformit\u00e9 et de l&#039;efficacit\u00e9 \u00e9nerg\u00e9tique de votre bien. Obtenez votre certificat PEB en toute simplicit\u00e9 avec Atlas Contr\u00f4le, votre partenaire de confiance en mati\u00e8re de s\u00e9curit\u00e9 r\u00e9sidentielle.\" \/>\n<meta name=\"robots\" content=\"index, follow, max-snippet:-1, max-image-preview:large, max-video-preview:-1\" \/>\n<link rel=\"canonical\" href=\"https:\/\/www.atlascontrole.be\/nl\/certificat-peb\/\" \/>\n<meta property=\"og:locale\" content=\"nl_BE\" \/>\n<meta property=\"og:type\" content=\"article\" \/>\n<meta property=\"og:title\" content=\"Certificat PEB - Atlas Contr\u00f4le\" \/>\n<meta property=\"og:description\" content=\"Atlas Contr\u00f4le vous offre un acc\u00e8s facile au certificat PEB, garantissant la performance \u00e9nerg\u00e9tique de votre habitation. D\u00e9couvrez notre expertise en contr\u00f4le d&#039;installation gaz et \u00e9lectrique, et assurez-vous de la conformit\u00e9 et de l&#039;efficacit\u00e9 \u00e9nerg\u00e9tique de votre bien. Obtenez votre certificat PEB en toute simplicit\u00e9 avec Atlas Contr\u00f4le, votre partenaire de confiance en mati\u00e8re de s\u00e9curit\u00e9 r\u00e9sidentielle.\" \/>\n<meta property=\"og:url\" content=\"https:\/\/www.atlascontrole.be\/nl\/certificat-peb\/\" \/>\n<meta property=\"og:site_name\" content=\"Atlas Contr\u00f4le\" \/>\n<meta property=\"article:publisher\" content=\"https:\/\/m.facebook.com\/Atlas-Controle-104305338008164\" \/>\n<meta property=\"article:modified_time\" content=\"2026-02-10T13:36:29+00:00\" \/>\n<meta name=\"twitter:card\" content=\"summary_large_image\" \/>\n<meta name=\"twitter:label1\" content=\"Geschatte leestijd\" \/>\n\t<meta name=\"twitter:data1\" content=\"2 minuten\" \/>\n<script type=\"application\/ld+json\" class=\"yoast-schema-graph\">{\"@context\":\"https:\\\/\\\/schema.org\",\"@graph\":[{\"@type\":\"WebPage\",\"@id\":\"https:\\\/\\\/www.atlascontrole.be\\\/certificat-peb\\\/\",\"url\":\"https:\\\/\\\/www.atlascontrole.be\\\/certificat-peb\\\/\",\"name\":\"Certificat PEB - Atlas Contr\u00f4le\",\"isPartOf\":{\"@id\":\"https:\\\/\\\/www.atlascontrole.be\\\/#website\"},\"datePublished\":\"2020-06-15T20:48:06+00:00\",\"dateModified\":\"2026-02-10T13:36:29+00:00\",\"description\":\"Atlas Contr\u00f4le vous offre un acc\u00e8s facile au certificat PEB, garantissant la performance \u00e9nerg\u00e9tique de votre habitation. D\u00e9couvrez notre expertise en contr\u00f4le d'installation gaz et \u00e9lectrique, et assurez-vous de la conformit\u00e9 et de l'efficacit\u00e9 \u00e9nerg\u00e9tique de votre bien. Obtenez votre certificat PEB en toute simplicit\u00e9 avec Atlas Contr\u00f4le, votre partenaire de confiance en mati\u00e8re de s\u00e9curit\u00e9 r\u00e9sidentielle.\",\"breadcrumb\":{\"@id\":\"https:\\\/\\\/www.atlascontrole.be\\\/certificat-peb\\\/#breadcrumb\"},\"inLanguage\":\"nl-BE\",\"potentialAction\":[{\"@type\":\"ReadAction\",\"target\":[\"https:\\\/\\\/www.atlascontrole.be\\\/certificat-peb\\\/\"]}]},{\"@type\":\"BreadcrumbList\",\"@id\":\"https:\\\/\\\/www.atlascontrole.be\\\/certificat-peb\\\/#breadcrumb\",\"itemListElement\":[{\"@type\":\"ListItem\",\"position\":1,\"name\":\"Accueil\",\"item\":\"https:\\\/\\\/www.atlascontrole.be\\\/\"},{\"@type\":\"ListItem\",\"position\":2,\"name\":\"Certificat PEB\"}]},{\"@type\":\"WebSite\",\"@id\":\"https:\\\/\\\/www.atlascontrole.be\\\/#website\",\"url\":\"https:\\\/\\\/www.atlascontrole.be\\\/\",\"name\":\"Atlas Contr\u00f4le\",\"description\":\"Votre partenaire pour vos contr\u00f4les\",\"publisher\":{\"@id\":\"https:\\\/\\\/www.atlascontrole.be\\\/#organization\"},\"potentialAction\":[{\"@type\":\"SearchAction\",\"target\":{\"@type\":\"EntryPoint\",\"urlTemplate\":\"https:\\\/\\\/www.atlascontrole.be\\\/?s={search_term_string}\"},\"query-input\":{\"@type\":\"PropertyValueSpecification\",\"valueRequired\":true,\"valueName\":\"search_term_string\"}}],\"inLanguage\":\"nl-BE\"},{\"@type\":\"Organization\",\"@id\":\"https:\\\/\\\/www.atlascontrole.be\\\/#organization\",\"name\":\"Atlas Contr\u00f4le\",\"url\":\"https:\\\/\\\/www.atlascontrole.be\\\/\",\"logo\":{\"@type\":\"ImageObject\",\"inLanguage\":\"nl-BE\",\"@id\":\"https:\\\/\\\/www.atlascontrole.be\\\/#\\\/schema\\\/logo\\\/image\\\/\",\"url\":\"https:\\\/\\\/www.atlascontrole.be\\\/wp-content\\\/uploads\\\/2020\\\/07\\\/logo_ac_color.webp\",\"contentUrl\":\"https:\\\/\\\/www.atlascontrole.be\\\/wp-content\\\/uploads\\\/2020\\\/07\\\/logo_ac_color.webp\",\"width\":1192,\"height\":738,\"caption\":\"Atlas Contr\u00f4le\"},\"image\":{\"@id\":\"https:\\\/\\\/www.atlascontrole.be\\\/#\\\/schema\\\/logo\\\/image\\\/\"},\"sameAs\":[\"https:\\\/\\\/m.facebook.com\\\/Atlas-Controle-104305338008164\",\"https:\\\/\\\/www.linkedin.com\\\/company\\\/65699655\"]}]}<\/script>\n<!-- \/ Yoast SEO plugin. -->","yoast_head_json":{"title":"Certificat PEB - Atlas Contr\u00f4le","description":"Atlas Contr\u00f4le vous offre un acc\u00e8s facile au certificat PEB, garantissant la performance \u00e9nerg\u00e9tique de votre habitation. D\u00e9couvrez notre expertise en contr\u00f4le d'installation gaz et \u00e9lectrique, et assurez-vous de la conformit\u00e9 et de l'efficacit\u00e9 \u00e9nerg\u00e9tique de votre bien. Obtenez votre certificat PEB en toute simplicit\u00e9 avec Atlas Contr\u00f4le, votre partenaire de confiance en mati\u00e8re de s\u00e9curit\u00e9 r\u00e9sidentielle.","robots":{"index":"index","follow":"follow","max-snippet":"max-snippet:-1","max-image-preview":"max-image-preview:large","max-video-preview":"max-video-preview:-1"},"canonical":"https:\/\/www.atlascontrole.be\/nl\/certificat-peb\/","og_locale":"nl_BE","og_type":"article","og_title":"Certificat PEB - Atlas Contr\u00f4le","og_description":"Atlas Contr\u00f4le vous offre un acc\u00e8s facile au certificat PEB, garantissant la performance \u00e9nerg\u00e9tique de votre habitation. D\u00e9couvrez notre expertise en contr\u00f4le d'installation gaz et \u00e9lectrique, et assurez-vous de la conformit\u00e9 et de l'efficacit\u00e9 \u00e9nerg\u00e9tique de votre bien. Obtenez votre certificat PEB en toute simplicit\u00e9 avec Atlas Contr\u00f4le, votre partenaire de confiance en mati\u00e8re de s\u00e9curit\u00e9 r\u00e9sidentielle.","og_url":"https:\/\/www.atlascontrole.be\/nl\/certificat-peb\/","og_site_name":"Atlas Contr\u00f4le","article_publisher":"https:\/\/m.facebook.com\/Atlas-Controle-104305338008164","article_modified_time":"2026-02-10T13:36:29+00:00","twitter_card":"summary_large_image","twitter_misc":{"Geschatte leestijd":"2 minuten"},"schema":{"@context":"https:\/\/schema.org","@graph":[{"@type":"WebPage","@id":"https:\/\/www.atlascontrole.be\/certificat-peb\/","url":"https:\/\/www.atlascontrole.be\/certificat-peb\/","name":"Certificat PEB - Atlas Contr\u00f4le","isPartOf":{"@id":"https:\/\/www.atlascontrole.be\/#website"},"datePublished":"2020-06-15T20:48:06+00:00","dateModified":"2026-02-10T13:36:29+00:00","description":"Atlas Contr\u00f4le vous offre un acc\u00e8s facile au certificat PEB, garantissant la performance \u00e9nerg\u00e9tique de votre habitation. D\u00e9couvrez notre expertise en contr\u00f4le d'installation gaz et \u00e9lectrique, et assurez-vous de la conformit\u00e9 et de l'efficacit\u00e9 \u00e9nerg\u00e9tique de votre bien. Obtenez votre certificat PEB en toute simplicit\u00e9 avec Atlas Contr\u00f4le, votre partenaire de confiance en mati\u00e8re de s\u00e9curit\u00e9 r\u00e9sidentielle.","breadcrumb":{"@id":"https:\/\/www.atlascontrole.be\/certificat-peb\/#breadcrumb"},"inLanguage":"nl-BE","potentialAction":[{"@type":"ReadAction","target":["https:\/\/www.atlascontrole.be\/certificat-peb\/"]}]},{"@type":"BreadcrumbList","@id":"https:\/\/www.atlascontrole.be\/certificat-peb\/#breadcrumb","itemListElement":[{"@type":"ListItem","position":1,"name":"Accueil","item":"https:\/\/www.atlascontrole.be\/"},{"@type":"ListItem","position":2,"name":"Certificat PEB"}]},{"@type":"WebSite","@id":"https:\/\/www.atlascontrole.be\/#website","url":"https:\/\/www.atlascontrole.be\/","name":"Atlas Controle","description":"Uw partner voor uw cheques","publisher":{"@id":"https:\/\/www.atlascontrole.be\/#organization"},"potentialAction":[{"@type":"SearchAction","target":{"@type":"EntryPoint","urlTemplate":"https:\/\/www.atlascontrole.be\/?s={search_term_string}"},"query-input":{"@type":"PropertyValueSpecification","valueRequired":true,"valueName":"search_term_string"}}],"inLanguage":"nl-BE"},{"@type":"Organization","@id":"https:\/\/www.atlascontrole.be\/#organization","name":"Atlas Controle","url":"https:\/\/www.atlascontrole.be\/","logo":{"@type":"ImageObject","inLanguage":"nl-BE","@id":"https:\/\/www.atlascontrole.be\/#\/schema\/logo\/image\/","url":"https:\/\/www.atlascontrole.be\/wp-content\/uploads\/2020\/07\/logo_ac_color.webp","contentUrl":"https:\/\/www.atlascontrole.be\/wp-content\/uploads\/2020\/07\/logo_ac_color.webp","width":1192,"height":738,"caption":"Atlas Contr\u00f4le"},"image":{"@id":"https:\/\/www.atlascontrole.be\/#\/schema\/logo\/image\/"},"sameAs":["https:\/\/m.facebook.com\/Atlas-Controle-104305338008164","https:\/\/www.linkedin.com\/company\/65699655"]}]}},"_links":{"self":[{"href":"https:\/\/www.atlascontrole.be\/nl\/wp-json\/wp\/v2\/pages\/334","targetHints":{"allow":["GET"]}}],"collection":[{"href":"https:\/\/www.atlascontrole.be\/nl\/wp-json\/wp\/v2\/pages"}],"about":[{"href":"https:\/\/www.atlascontrole.be\/nl\/wp-json\/wp\/v2\/types\/page"}],"author":[{"embeddable":true,"href":"https:\/\/www.atlascontrole.be\/nl\/wp-json\/wp\/v2\/users\/1"}],"replies":[{"embeddable":true,"href":"https:\/\/www.atlascontrole.be\/nl\/wp-json\/wp\/v2\/comments?post=334"}],"version-history":[{"count":1,"href":"https:\/\/www.atlascontrole.be\/nl\/wp-json\/wp\/v2\/pages\/334\/revisions"}],"predecessor-version":[{"id":3742,"href":"https:\/\/www.atlascontrole.be\/nl\/wp-json\/wp\/v2\/pages\/334\/revisions\/3742"}],"wp:attachment":[{"href":"https:\/\/www.atlascontrole.be\/nl\/wp-json\/wp\/v2\/media?parent=334"}],"curies":[{"name":"wp","href":"https:\/\/api.w.org\/{rel}","templated":true}]}}