{"id":470,"date":"2020-08-11T23:05:22","date_gmt":"2020-08-11T21:05:22","guid":{"rendered":"https:\/\/www.atlascontrole.be\/?page_id=470"},"modified":"2026-04-24T14:24:34","modified_gmt":"2026-04-24T12:24:34","slug":"organismes-inspection-gaz-butane-propane","status":"publish","type":"page","link":"https:\/\/www.atlascontrole.be\/nl\/controle-gaz\/organismes-inspection-gaz-butane-propane\/","title":{"rendered":"Erkende keuringsinstantie voor butaan- en propaangaskeuringen"},"content":{"rendered":"<div class=\"wpb-content-wrapper\"><div class=\"vc_row wpb_row row top-row wpb_custom_034b39d9bc6c6b310d69e39f0ccf274f\"><div class=\"vc_column_container col-md-12\"><div class=\"wpb_wrapper vc_column-inner\"><h2  class=\"vc_custom_heading vc_do_custom_heading wpb_custom_aa365bd5046e8294520b4e73732b9d15 align-left\" >De keuringsinstelling: uw veiligheidspartner<\/h2>\r\n\t<div class=\"wpb_text_column wpb_content_element lead wpb_custom_7c91d232724f73626cc933bd95b25ff0\" >\r\n\t\t<div class=\"wpb_wrapper\">\r\n\t\t\t<p>Wanneer moeten we een erkende organisatie bellen om het gas, butaan en propaan van de installatie te controleren?<\/p>\n\r\n\t\t<\/div>\r\n\t<\/div>\r\n\r\n\t<div class=\"wpb_text_column wpb_content_element wpb_custom_7c91d232724f73626cc933bd95b25ff0\" >\r\n\t\t<div class=\"wpb_wrapper\">\r\n\t\t\t<p><a href=\"https:\/\/economie.fgov.be\/fr\/themes\/qualite-securite\/accreditation-belac\/organismes-accredites\/organismes-dinspection-insp\">Door BELAC erkende inspectie-instellingen<\/a> en <a href=\"http:\/\/www.cerga.be\/fr\">CERGA<\/a> zijn de enigen die gas-, butaan- en propaaninstallaties in Brussel, Walloni\u00eb en Vlaanderen controleren. Tijdens zijn bezoek controleert de inspecteur van de organisatie de dichtheid van uw gasinstallatie, controleert de goede uitvoering van de gas-, butaan- en propaanleidingen en controleert de afvoer van gasverbrandingsproducten.<\/p>\n<p>Wanneer u uw gasmeter wilt openen en uw gasinstallatie in bedrijf wilt stellen, moet een inspecteur de installatie komen controleren voordat de DNB-monteur langskomt.<\/p>\n<p>De inspecteur geeft u een ondertekend isometrisch diagram en een meteropeningsrapport.<\/p>\n<p>Wanneer u uw woning verhuurt, vereisen bepaalde gewesten of gemeenten (met name Brussel, Charleroi, Luik, Namen en Verviers) een periodieke keuring van uw gasinstallatie die minder dan twee jaar oud is.<\/p>\n\r\n\t\t<\/div>\r\n\t<\/div>\r\n<h4  class=\"vc_custom_heading vc_do_custom_heading wpb_custom_aa365bd5046e8294520b4e73732b9d15 align-left\" >Lijst van goedgekeurde keuringsinstanties voor propaan- en butaangas<\/h4>\r\n\t<div class=\"wpb_text_column wpb_content_element wpb_custom_7c91d232724f73626cc933bd95b25ff0\" >\r\n\t\t<div class=\"wpb_wrapper\">\r\n\t\t\t<ul>\n<li>ATLAS CONTROLE (Walloni\u00eb-Brussel-Vlaanderen) <a href=\"https:\/\/order.atlascontrole.be\">Contact<\/a><\/li>\n<li>ACEG<\/li>\n<li>ACA<\/li>\n<li>APAVE<\/li>\n<li>Apragaz<\/li>\n<li>ATK (alleen aardgas)<\/li>\n<li>ATECON (alleen aardgas)<\/li>\n<li>BELGATEQ (alleen aardgas)<\/li>\n<li>BELGOTEN<\/li>\n<li>BELAR<\/li>\n<li>BTI (alleen aardgas)<\/li>\n<li>Certigreentest<\/li>\n<li>Certinergie<\/li>\n<li>Elektrotest<\/li>\n<li>ENERCETEC<\/li>\n<li>INSPECT Belgi\u00eb<\/li>\n<li>KEURTECH (alleen aardgas)<\/li>\n<li>NORMEC BTV<\/li>\n<li>SMART CONTROL (alleen aardgas)<\/li>\n<li>SOCOTEC<\/li>\n<li>SOFISTES<\/li>\n<li>VAN HEMELEN (alleen aardgas)<\/li>\n<li>Vincotte<\/li>\n<\/ul>\n\r\n\t\t<\/div>\r\n\t<\/div>\r\n<\/div><\/div><\/div>\n<\/div>","protected":false},"excerpt":{"rendered":"L'organisme d'inspection: votre partenaire s\u00e9curit\u00e9 Quand doit-on appeler un organisme agr\u00e9e pour le contr\u00f4le gaz, butane et propane de l'installation? Les organismes d'inspection agr\u00e9es BELAC et CERGA sont les seuls \u00e0 contr\u00f4ler les installations gaz, butane et propane \u00e0 Bruxelles, en Wallonie et en Flandre. Lors de sa visite, l'inspecteur de l'organisme contr\u00f4le l'\u00e9tanch\u00e9it\u00e9 de [...]","protected":false},"author":1,"featured_media":0,"parent":38,"menu_order":0,"comment_status":"closed","ping_status":"closed","template":"","meta":{"footnotes":""},"class_list":["post-470","page","type-page","status-publish","hentry"],"yoast_head":"<!-- This site is optimized with the Yoast SEO Premium plugin v27.4 (Yoast SEO v27.4) - https:\/\/yoast.com\/product\/yoast-seo-premium-wordpress\/ -->\n<title>Organisme de contr\u00f4le agr\u00e9\u00e9s pour les contr\u00f4les gaz butane et propane - Atlas Contr\u00f4le<\/title>\n<meta name=\"description\" content=\"Atlas Contr\u00f4le est un organisme agr\u00e9\u00e9 pour le contr\u00f4le des installations gaz butane et propane en Belgique. Citernes, bouteilles, conduites : intervention rapide.\" \/>\n<meta name=\"robots\" content=\"index, follow, max-snippet:-1, max-image-preview:large, max-video-preview:-1\" \/>\n<link rel=\"canonical\" href=\"https:\/\/www.atlascontrole.be\/nl\/gaskeuring\/organismes-inspection-gaz-butane-propane\/\" \/>\n<meta property=\"og:locale\" content=\"nl_BE\" \/>\n<meta property=\"og:type\" content=\"article\" \/>\n<meta property=\"og:title\" content=\"Organisme de contr\u00f4le agr\u00e9\u00e9s pour les contr\u00f4les gaz butane et propane\" \/>\n<meta property=\"og:url\" content=\"https:\/\/www.atlascontrole.be\/nl\/gaskeuring\/organismes-inspection-gaz-butane-propane\/\" \/>\n<meta property=\"og:site_name\" content=\"Atlas Contr\u00f4le\" \/>\n<meta property=\"article:publisher\" content=\"https:\/\/m.facebook.com\/Atlas-Controle-104305338008164\" \/>\n<meta property=\"article:modified_time\" content=\"2026-04-24T12:24:34+00:00\" \/>\n<meta name=\"twitter:card\" content=\"summary_large_image\" \/>\n<meta name=\"twitter:label1\" content=\"Geschatte leestijd\" \/>\n\t<meta name=\"twitter:data1\" content=\"2 minuten\" \/>\n<script type=\"application\/ld+json\" class=\"yoast-schema-graph\">{\"@context\":\"https:\\\/\\\/schema.org\",\"@graph\":[{\"@type\":\"WebPage\",\"@id\":\"https:\\\/\\\/www.atlascontrole.be\\\/controle-gaz\\\/organismes-inspection-gaz-butane-propane\\\/\",\"url\":\"https:\\\/\\\/www.atlascontrole.be\\\/controle-gaz\\\/organismes-inspection-gaz-butane-propane\\\/\",\"name\":\"Organisme de contr\u00f4le agr\u00e9\u00e9s pour les contr\u00f4les gaz butane et propane - Atlas Contr\u00f4le\",\"isPartOf\":{\"@id\":\"https:\\\/\\\/www.atlascontrole.be\\\/#website\"},\"datePublished\":\"2020-08-11T21:05:22+00:00\",\"dateModified\":\"2026-04-24T12:24:34+00:00\",\"description\":\"Atlas Contr\u00f4le est un organisme agr\u00e9\u00e9 pour le contr\u00f4le des installations gaz butane et propane en Belgique. Citernes, bouteilles, conduites : intervention rapide.\",\"breadcrumb\":{\"@id\":\"https:\\\/\\\/www.atlascontrole.be\\\/controle-gaz\\\/organismes-inspection-gaz-butane-propane\\\/#breadcrumb\"},\"inLanguage\":\"nl-BE\",\"potentialAction\":[{\"@type\":\"ReadAction\",\"target\":[\"https:\\\/\\\/www.atlascontrole.be\\\/controle-gaz\\\/organismes-inspection-gaz-butane-propane\\\/\"]}]},{\"@type\":\"BreadcrumbList\",\"@id\":\"https:\\\/\\\/www.atlascontrole.be\\\/controle-gaz\\\/organismes-inspection-gaz-butane-propane\\\/#breadcrumb\",\"itemListElement\":[{\"@type\":\"ListItem\",\"position\":1,\"name\":\"Accueil\",\"item\":\"https:\\\/\\\/www.atlascontrole.be\\\/\"},{\"@type\":\"ListItem\",\"position\":2,\"name\":\"Contr\u00f4le gaz\",\"item\":\"https:\\\/\\\/www.atlascontrole.be\\\/controle-gaz\\\/\"},{\"@type\":\"ListItem\",\"position\":3,\"name\":\"Organisme de contr\u00f4le agr\u00e9\u00e9s pour les contr\u00f4les gaz butane et propane\"}]},{\"@type\":\"WebSite\",\"@id\":\"https:\\\/\\\/www.atlascontrole.be\\\/#website\",\"url\":\"https:\\\/\\\/www.atlascontrole.be\\\/\",\"name\":\"Atlas Contr\u00f4le\",\"description\":\"Votre partenaire pour vos contr\u00f4les\",\"publisher\":{\"@id\":\"https:\\\/\\\/www.atlascontrole.be\\\/#organization\"},\"potentialAction\":[{\"@type\":\"SearchAction\",\"target\":{\"@type\":\"EntryPoint\",\"urlTemplate\":\"https:\\\/\\\/www.atlascontrole.be\\\/?s={search_term_string}\"},\"query-input\":{\"@type\":\"PropertyValueSpecification\",\"valueRequired\":true,\"valueName\":\"search_term_string\"}}],\"inLanguage\":\"nl-BE\"},{\"@type\":[\"Organization\",\"Place\"],\"@id\":\"https:\\\/\\\/www.atlascontrole.be\\\/#organization\",\"name\":\"Atlas Contr\u00f4le\",\"url\":\"https:\\\/\\\/www.atlascontrole.be\\\/\",\"logo\":{\"@type\":\"ImageObject\",\"inLanguage\":\"nl-BE\",\"@id\":\"https:\\\/\\\/www.atlascontrole.be\\\/#\\\/schema\\\/logo\\\/image\\\/\",\"url\":\"https:\\\/\\\/www.atlascontrole.be\\\/wp-content\\\/uploads\\\/2020\\\/07\\\/logo_ac_color.webp\",\"contentUrl\":\"https:\\\/\\\/www.atlascontrole.be\\\/wp-content\\\/uploads\\\/2020\\\/07\\\/logo_ac_color.webp\",\"width\":1192,\"height\":738,\"caption\":\"Atlas Contr\u00f4le\"},\"image\":{\"@id\":\"https:\\\/\\\/www.atlascontrole.be\\\/#\\\/schema\\\/logo\\\/image\\\/\"},\"sameAs\":[\"https:\\\/\\\/m.facebook.com\\\/Atlas-Controle-104305338008164\",\"https:\\\/\\\/www.linkedin.com\\\/company\\\/65699655\"],\"mainEntityOfPage\":{\"@id\":\"https:\\\/\\\/www.atlascontrole.be\\\/controle-gaz\\\/organismes-inspection-gaz-butane-propane\\\/\"}}]}<\/script>\n<!-- \/ Yoast SEO Premium plugin. -->","yoast_head_json":{"title":"Erkend inspectieorgaan voor het testen van butaan- en propaangas - Atlas Contr\u00f4le","description":"Atlas Contr\u00f4le est un organisme agr\u00e9\u00e9 pour le contr\u00f4le des installations gaz butane et propane en Belgique. Citernes, bouteilles, conduites : intervention rapide.","robots":{"index":"index","follow":"follow","max-snippet":"max-snippet:-1","max-image-preview":"max-image-preview:large","max-video-preview":"max-video-preview:-1"},"canonical":"https:\/\/www.atlascontrole.be\/nl\/gaskeuring\/organismes-inspection-gaz-butane-propane\/","og_locale":"nl_BE","og_type":"article","og_title":"Organisme de contr\u00f4le agr\u00e9\u00e9s pour les contr\u00f4les gaz butane et propane","og_url":"https:\/\/www.atlascontrole.be\/nl\/gaskeuring\/organismes-inspection-gaz-butane-propane\/","og_site_name":"Atlas Contr\u00f4le","article_publisher":"https:\/\/m.facebook.com\/Atlas-Controle-104305338008164","article_modified_time":"2026-04-24T12:24:34+00:00","twitter_card":"summary_large_image","twitter_misc":{"Geschatte leestijd":"2 minuten"},"schema":{"@context":"https:\/\/schema.org","@graph":[{"@type":"WebPage","@id":"https:\/\/www.atlascontrole.be\/controle-gaz\/organismes-inspection-gaz-butane-propane\/","url":"https:\/\/www.atlascontrole.be\/controle-gaz\/organismes-inspection-gaz-butane-propane\/","name":"Erkend inspectieorgaan voor het testen van butaan- en propaangas - Atlas Contr\u00f4le","isPartOf":{"@id":"https:\/\/www.atlascontrole.be\/#website"},"datePublished":"2020-08-11T21:05:22+00:00","dateModified":"2026-04-24T12:24:34+00:00","description":"Atlas Contr\u00f4le est un organisme agr\u00e9\u00e9 pour le contr\u00f4le des installations gaz butane et propane en Belgique. Citernes, bouteilles, conduites : intervention rapide.","breadcrumb":{"@id":"https:\/\/www.atlascontrole.be\/controle-gaz\/organismes-inspection-gaz-butane-propane\/#breadcrumb"},"inLanguage":"nl-BE","potentialAction":[{"@type":"ReadAction","target":["https:\/\/www.atlascontrole.be\/controle-gaz\/organismes-inspection-gaz-butane-propane\/"]}]},{"@type":"BreadcrumbList","@id":"https:\/\/www.atlascontrole.be\/controle-gaz\/organismes-inspection-gaz-butane-propane\/#breadcrumb","itemListElement":[{"@type":"ListItem","position":1,"name":"Accueil","item":"https:\/\/www.atlascontrole.be\/"},{"@type":"ListItem","position":2,"name":"Contr\u00f4le gaz","item":"https:\/\/www.atlascontrole.be\/controle-gaz\/"},{"@type":"ListItem","position":3,"name":"Organisme de contr\u00f4le agr\u00e9\u00e9s pour les contr\u00f4les gaz butane et propane"}]},{"@type":"WebSite","@id":"https:\/\/www.atlascontrole.be\/#website","url":"https:\/\/www.atlascontrole.be\/","name":"Atlas Contr\u00f4le","description":"Uw partner voor uw cheques","publisher":{"@id":"https:\/\/www.atlascontrole.be\/#organization"},"potentialAction":[{"@type":"SearchAction","target":{"@type":"EntryPoint","urlTemplate":"https:\/\/www.atlascontrole.be\/?s={search_term_string}"},"query-input":{"@type":"PropertyValueSpecification","valueRequired":true,"valueName":"search_term_string"}}],"inLanguage":"nl-BE"},{"@type":["Organization","Place"],"@id":"https:\/\/www.atlascontrole.be\/#organization","name":"Atlas Contr\u00f4le","url":"https:\/\/www.atlascontrole.be\/","logo":{"@type":"ImageObject","inLanguage":"nl-BE","@id":"https:\/\/www.atlascontrole.be\/#\/schema\/logo\/image\/","url":"https:\/\/www.atlascontrole.be\/wp-content\/uploads\/2020\/07\/logo_ac_color.webp","contentUrl":"https:\/\/www.atlascontrole.be\/wp-content\/uploads\/2020\/07\/logo_ac_color.webp","width":1192,"height":738,"caption":"Atlas Contr\u00f4le"},"image":{"@id":"https:\/\/www.atlascontrole.be\/#\/schema\/logo\/image\/"},"sameAs":["https:\/\/m.facebook.com\/Atlas-Controle-104305338008164","https:\/\/www.linkedin.com\/company\/65699655"],"mainEntityOfPage":{"@id":"https:\/\/www.atlascontrole.be\/controle-gaz\/organismes-inspection-gaz-butane-propane\/"}}]}},"_links":{"self":[{"href":"https:\/\/www.atlascontrole.be\/nl\/wp-json\/wp\/v2\/pages\/470","targetHints":{"allow":["GET"]}}],"collection":[{"href":"https:\/\/www.atlascontrole.be\/nl\/wp-json\/wp\/v2\/pages"}],"about":[{"href":"https:\/\/www.atlascontrole.be\/nl\/wp-json\/wp\/v2\/types\/page"}],"author":[{"embeddable":true,"href":"https:\/\/www.atlascontrole.be\/nl\/wp-json\/wp\/v2\/users\/1"}],"replies":[{"embeddable":true,"href":"https:\/\/www.atlascontrole.be\/nl\/wp-json\/wp\/v2\/comments?post=470"}],"version-history":[{"count":1,"href":"https:\/\/www.atlascontrole.be\/nl\/wp-json\/wp\/v2\/pages\/470\/revisions"}],"predecessor-version":[{"id":4268,"href":"https:\/\/www.atlascontrole.be\/nl\/wp-json\/wp\/v2\/pages\/470\/revisions\/4268"}],"up":[{"embeddable":true,"href":"https:\/\/www.atlascontrole.be\/nl\/wp-json\/wp\/v2\/pages\/38"}],"wp:attachment":[{"href":"https:\/\/www.atlascontrole.be\/nl\/wp-json\/wp\/v2\/media?parent=470"}],"curies":[{"name":"wp","href":"https:\/\/api.w.org\/{rel}","templated":true}]}}