{"id":484,"date":"2020-08-12T00:11:44","date_gmt":"2020-08-11T22:11:44","guid":{"rendered":"https:\/\/www.atlascontrole.be\/?page_id=484"},"modified":"2024-09-23T15:32:52","modified_gmt":"2024-09-23T13:32:52","slug":"primes-pour-le-remplacement-dune-chaudiere","status":"publish","type":"page","link":"https:\/\/www.atlascontrole.be\/nl\/controle-gaz\/primes-pour-le-remplacement-dune-chaudiere\/","title":{"rendered":"Bonussen voor het vervangen van een ketel"},"content":{"rendered":"<div class=\"wpb-content-wrapper\"><div class=\"vc_row wpb_row row top-row wpb_custom_034b39d9bc6c6b310d69e39f0ccf274f\"><div class=\"vc_column_container col-md-12\"><div class=\"wpb_wrapper vc_column-inner\"><h2  class=\"vc_custom_heading vc_do_custom_heading wpb_custom_aa365bd5046e8294520b4e73732b9d15 align-left\" >Bonusoverzicht ketelvervanging<\/h2>\r\n\t<div class=\"wpb_text_column wpb_content_element lead wpb_custom_7c91d232724f73626cc933bd95b25ff0\" >\r\n\t\t<div class=\"wpb_wrapper\">\r\n\t\t\t<p>Brussel<\/p>\n\r\n\t\t<\/div>\r\n\t<\/div>\r\n\r\n\t<div class=\"wpb_text_column wpb_content_element wpb_custom_7c91d232724f73626cc933bd95b25ff0\" >\r\n\t\t<div class=\"wpb_wrapper\">\r\n\t\t\t<p>Het Brussels Gewest is genereus om een oude ketel te vervangen door een condensatieketel.<\/p>\n\r\n\t\t<\/div>\r\n\t<\/div>\r\n<h4  class=\"vc_custom_heading vc_do_custom_heading wpb_custom_aa365bd5046e8294520b4e73732b9d15 align-left\" >Inbedrijfstellingsproces van een butaan- of propaangasinstallatie<\/h4>\r\n\t<div class=\"wpb_text_column wpb_content_element wpb_custom_7c91d232724f73626cc933bd95b25ff0\" >\r\n\t\t<div class=\"wpb_wrapper\">\r\n\t\t\t<ul class=\"list list-icons list-primary mt-xl mb-xlg\">\n<li data-appear-animation=\"fadeInUp\" data-appear-animation-delay=\"0\"><i class=\"fa fa-check\"><\/i> Installatie van butaan- en propaangasleidingen en verbrandingstoestellen geschikt voor butaan- en propaangas.<\/li>\n<li data-appear-animation=\"fadeInUp\" data-appear-animation-delay=\"300\"><i class=\"fa fa-check\"><\/i>Installatie van de butaan- of propaangasopslagtank.<\/li>\n<li data-appear-animation=\"fadeInUp\" data-appear-animation-delay=\"600\"><i class=\"fa fa-check\"><\/i> Besturing van uw butaan- of propaangasinstallatie.<\/li>\n<li data-appear-animation=\"fadeInUp\" data-appear-animation-delay=\"900\"><i class=\"fa fa-check\"><\/i> Controle van de butaan- of propaangasregeling door de leverancier en vullen van de tank.<\/li>\n<\/ul>\n\r\n\t\t<\/div>\r\n\t<\/div>\r\n<\/div><\/div><\/div><div class=\"vc_row wpb_row row top-row wpb_custom_034b39d9bc6c6b310d69e39f0ccf274f\"><div class=\"vc_column_container col-md-4\"><div class=\"wpb_wrapper vc_column-inner\"><div class=\"porto-ultimate-content-box-container\"><div class=\"porto-ultimate-content-box porto_ucb_d751713988987e9331980363e24189ce\" style=\"\"><div class=\"vc-hoverbox-wrapper  vc-hoverbox-shape--rounded vc-hoverbox-align--center vc-hoverbox-direction--default vc-hoverbox-width--100\"  ontouchstart=\"\">\n  <div class=\"vc-hoverbox\">\n    <div class=\"vc-hoverbox-inner\">\n      <div class=\"vc-hoverbox-block vc-hoverbox-front\" style=\"background-image: url(https:\/\/www.atlascontrole.be\/wp-content\/uploads\/2020\/08\/kauffman_controle_butane_propane.webp);\">\n        <div class=\"vc-hoverbox-block-inner vc-hoverbox-front-inner\">\n            \n        <\/div>\n      <\/div>\n      <div class=\"vc-hoverbox-block vc-hoverbox-back\" style=\"background-color: #ebebeb;\">\n        <div class=\"vc-hoverbox-block-inner vc-hoverbox-back-inner\">\n            \n            <p><a href=\"https:\/\/www.kauffman.be\/\">kauffman<\/a><\/p>\n<p>Tank<\/p>\n<p>Flessen<\/p>\n\n            \n        <\/div>\n      <\/div>\n    <\/div>\n  <\/div>\n<\/div><\/div><\/div><\/div><\/div><div class=\"vc_column_container col-md-4\"><div class=\"wpb_wrapper vc_column-inner\"><div class=\"porto-ultimate-content-box-container\"><style>.porto_ucb_21b6bf01188be9ba0119a2cb5c097588{will-change: box-shadow;box-shadow: none;}.porto_ucb_21b6bf01188be9ba0119a2cb5c097588:hover{box-shadow:none}<\/style><div class=\"porto-ultimate-content-box porto_ucb_21b6bf01188be9ba0119a2cb5c097588\" style=\"\"><div class=\"vc-hoverbox-wrapper  vc-hoverbox-shape--rounded vc-hoverbox-align--center vc-hoverbox-direction--default vc-hoverbox-width--100\"  ontouchstart=\"\">\n  <div class=\"vc-hoverbox\">\n    <div class=\"vc-hoverbox-inner\">\n      <div class=\"vc-hoverbox-block vc-hoverbox-front\" style=\"background-image: url(https:\/\/www.atlascontrole.be\/wp-content\/uploads\/2020\/08\/primagaz_butane_propane.webp);\">\n        <div class=\"vc-hoverbox-block-inner vc-hoverbox-front-inner\">\n            \n        <\/div>\n      <\/div>\n      <div class=\"vc-hoverbox-block vc-hoverbox-back\" style=\"background-color: #ebebeb;\">\n        <div class=\"vc-hoverbox-block-inner vc-hoverbox-back-inner\">\n            \n            <p><a href=\"https:\/\/www.primagaz.be\/\">Primagaz<\/a><\/p>\n\n            \n        <\/div>\n      <\/div>\n    <\/div>\n  <\/div>\n<\/div><\/div><\/div><\/div><\/div><div class=\"vc_column_container col-md-4\"><div class=\"wpb_wrapper vc_column-inner\"><div class=\"porto-ultimate-content-box-container\"><div class=\"porto-ultimate-content-box porto_ucb_d751713988987e9331980363e24189ce\" style=\"\"><div class=\"vc-hoverbox-wrapper  vc-hoverbox-shape--rounded vc-hoverbox-align--center vc-hoverbox-direction--default vc-hoverbox-width--100\"  ontouchstart=\"\">\n  <div class=\"vc-hoverbox\">\n    <div class=\"vc-hoverbox-inner\">\n      <div class=\"vc-hoverbox-block vc-hoverbox-front\" style=\"background-image: url(https:\/\/www.atlascontrole.be\/wp-content\/uploads\/2020\/08\/antargaz_controle_butane_propane.webp);\">\n        <div class=\"vc-hoverbox-block-inner vc-hoverbox-front-inner\">\n            \n        <\/div>\n      <\/div>\n      <div class=\"vc-hoverbox-block vc-hoverbox-back\" style=\"background-color: #ebebeb;\">\n        <div class=\"vc-hoverbox-block-inner vc-hoverbox-back-inner\">\n            \n            <p>Antargaz<\/p>\n\n            \n        <\/div>\n      <\/div>\n    <\/div>\n  <\/div>\n<\/div><\/div><\/div><\/div><\/div><\/div><div class=\"vc_row wpb_row row top-row wpb_custom_034b39d9bc6c6b310d69e39f0ccf274f\"><div class=\"vc_column_container col-md-12\"><div class=\"wpb_wrapper vc_column-inner\"><div class=\"tabs  tabs-vertical tabs-left\"><ul class=\"nav nav-tabs col-md-3\"><li class=\"nav-item active\"><a href=\"#tab-3eb21c5b-9ff3-10\" id=\"tab-3eb21c5b-9ff3-10-title\" class=\"nav-link\" data-bs-toggle=\"tab\">Gas.be<\/a><\/li><li class=\"nav-item\"><a href=\"#tab-5af91285-fc8d-3\" id=\"tab-5af91285-fc8d-3-title\" class=\"nav-link\" data-bs-toggle=\"tab\">Tabblad 2<\/a><\/li><\/ul><div class=\"tab-content\"><div id=\"tab-3eb21c5b-9ff3-10\" class=\"tab-pane active show fade\">\r\n\t<div class=\"wpb_text_column wpb_content_element wpb_custom_7c91d232724f73626cc933bd95b25ff0\" >\r\n\t\t<div class=\"wpb_wrapper\">\r\n\t\t\t<p><a href=\"http:\/\/gas.be\">Gas.be<\/a> biedt een bonus van \u20ac 500 voor de installatie van een condensatieketel.<\/p>\n\r\n\t\t<\/div>\r\n\t<\/div>\r\n<\/div><div id=\"tab-5af91285-fc8d-3\" class=\"tab-pane fade\">Leeg gedeelte. Pagina bewerken om hier inhoud toe te voegen.<\/div><\/div><\/div><\/div><\/div><\/div>\n<\/div>","protected":false},"excerpt":{"rendered":"R\u00e9sum\u00e9 des primes pour le remplacement d'une chaudi\u00e8re Bruxelles La r\u00e9gion bruxelloise est g\u00e9n\u00e9reuse pour le remplacement d'une vieille chaudi\u00e8re par une chaudi\u00e8re \u00e0 condensation. Processus de mise en service d'une installation au gaz butane ou propane Installation de la tuyauterie gaz butane et propane et des appareils de combustion adapt\u00e9s au gaz butane et [...]","protected":false},"author":1,"featured_media":0,"parent":38,"menu_order":0,"comment_status":"closed","ping_status":"closed","template":"","meta":{"footnotes":""},"class_list":["post-484","page","type-page","status-publish","hentry"],"yoast_head":"<!-- This site is optimized with the Yoast SEO plugin v27.3 - https:\/\/yoast.com\/product\/yoast-seo-wordpress\/ -->\n<title>Primes pour le remplacement d&#039;une chaudi\u00e8re - Atlas Contr\u00f4le<\/title>\n<meta name=\"robots\" content=\"index, follow, max-snippet:-1, max-image-preview:large, max-video-preview:-1\" \/>\n<link rel=\"canonical\" href=\"https:\/\/www.atlascontrole.be\/nl\/controle-gaz\/primes-pour-le-remplacement-dune-chaudiere\/\" \/>\n<meta property=\"og:locale\" content=\"nl_BE\" \/>\n<meta property=\"og:type\" content=\"article\" \/>\n<meta property=\"og:title\" content=\"Primes pour le remplacement d&#039;une chaudi\u00e8re - Atlas Contr\u00f4le\" \/>\n<meta property=\"og:url\" content=\"https:\/\/www.atlascontrole.be\/nl\/controle-gaz\/primes-pour-le-remplacement-dune-chaudiere\/\" \/>\n<meta property=\"og:site_name\" content=\"Atlas Contr\u00f4le\" \/>\n<meta property=\"article:publisher\" content=\"https:\/\/m.facebook.com\/Atlas-Controle-104305338008164\" \/>\n<meta property=\"article:modified_time\" content=\"2024-09-23T13:32:52+00:00\" \/>\n<meta name=\"twitter:card\" content=\"summary_large_image\" \/>\n<meta name=\"twitter:label1\" content=\"Geschatte leestijd\" \/>\n\t<meta name=\"twitter:data1\" content=\"2 minuten\" \/>\n<script type=\"application\/ld+json\" class=\"yoast-schema-graph\">{\"@context\":\"https:\\\/\\\/schema.org\",\"@graph\":[{\"@type\":\"WebPage\",\"@id\":\"https:\\\/\\\/www.atlascontrole.be\\\/controle-gaz\\\/primes-pour-le-remplacement-dune-chaudiere\\\/\",\"url\":\"https:\\\/\\\/www.atlascontrole.be\\\/controle-gaz\\\/primes-pour-le-remplacement-dune-chaudiere\\\/\",\"name\":\"Primes pour le remplacement d'une chaudi\u00e8re - Atlas Contr\u00f4le\",\"isPartOf\":{\"@id\":\"https:\\\/\\\/www.atlascontrole.be\\\/#website\"},\"datePublished\":\"2020-08-11T22:11:44+00:00\",\"dateModified\":\"2024-09-23T13:32:52+00:00\",\"breadcrumb\":{\"@id\":\"https:\\\/\\\/www.atlascontrole.be\\\/controle-gaz\\\/primes-pour-le-remplacement-dune-chaudiere\\\/#breadcrumb\"},\"inLanguage\":\"nl-BE\",\"potentialAction\":[{\"@type\":\"ReadAction\",\"target\":[\"https:\\\/\\\/www.atlascontrole.be\\\/controle-gaz\\\/primes-pour-le-remplacement-dune-chaudiere\\\/\"]}]},{\"@type\":\"BreadcrumbList\",\"@id\":\"https:\\\/\\\/www.atlascontrole.be\\\/controle-gaz\\\/primes-pour-le-remplacement-dune-chaudiere\\\/#breadcrumb\",\"itemListElement\":[{\"@type\":\"ListItem\",\"position\":1,\"name\":\"Accueil\",\"item\":\"https:\\\/\\\/www.atlascontrole.be\\\/\"},{\"@type\":\"ListItem\",\"position\":2,\"name\":\"Contr\u00f4le gaz\",\"item\":\"https:\\\/\\\/www.atlascontrole.be\\\/controle-gaz\\\/\"},{\"@type\":\"ListItem\",\"position\":3,\"name\":\"Primes pour le remplacement d&#8217;une chaudi\u00e8re\"}]},{\"@type\":\"WebSite\",\"@id\":\"https:\\\/\\\/www.atlascontrole.be\\\/#website\",\"url\":\"https:\\\/\\\/www.atlascontrole.be\\\/\",\"name\":\"Atlas Contr\u00f4le\",\"description\":\"Votre partenaire pour vos contr\u00f4les\",\"publisher\":{\"@id\":\"https:\\\/\\\/www.atlascontrole.be\\\/#organization\"},\"potentialAction\":[{\"@type\":\"SearchAction\",\"target\":{\"@type\":\"EntryPoint\",\"urlTemplate\":\"https:\\\/\\\/www.atlascontrole.be\\\/?s={search_term_string}\"},\"query-input\":{\"@type\":\"PropertyValueSpecification\",\"valueRequired\":true,\"valueName\":\"search_term_string\"}}],\"inLanguage\":\"nl-BE\"},{\"@type\":\"Organization\",\"@id\":\"https:\\\/\\\/www.atlascontrole.be\\\/#organization\",\"name\":\"Atlas Contr\u00f4le\",\"url\":\"https:\\\/\\\/www.atlascontrole.be\\\/\",\"logo\":{\"@type\":\"ImageObject\",\"inLanguage\":\"nl-BE\",\"@id\":\"https:\\\/\\\/www.atlascontrole.be\\\/#\\\/schema\\\/logo\\\/image\\\/\",\"url\":\"https:\\\/\\\/www.atlascontrole.be\\\/wp-content\\\/uploads\\\/2020\\\/07\\\/logo_ac_color.webp\",\"contentUrl\":\"https:\\\/\\\/www.atlascontrole.be\\\/wp-content\\\/uploads\\\/2020\\\/07\\\/logo_ac_color.webp\",\"width\":1192,\"height\":738,\"caption\":\"Atlas Contr\u00f4le\"},\"image\":{\"@id\":\"https:\\\/\\\/www.atlascontrole.be\\\/#\\\/schema\\\/logo\\\/image\\\/\"},\"sameAs\":[\"https:\\\/\\\/m.facebook.com\\\/Atlas-Controle-104305338008164\",\"https:\\\/\\\/www.linkedin.com\\\/company\\\/65699655\"]}]}<\/script>\n<!-- \/ Yoast SEO plugin. -->","yoast_head_json":{"title":"Primes pour le remplacement d'une chaudi\u00e8re - Atlas Contr\u00f4le","robots":{"index":"index","follow":"follow","max-snippet":"max-snippet:-1","max-image-preview":"max-image-preview:large","max-video-preview":"max-video-preview:-1"},"canonical":"https:\/\/www.atlascontrole.be\/nl\/controle-gaz\/primes-pour-le-remplacement-dune-chaudiere\/","og_locale":"nl_BE","og_type":"article","og_title":"Primes pour le remplacement d'une chaudi\u00e8re - Atlas Contr\u00f4le","og_url":"https:\/\/www.atlascontrole.be\/nl\/controle-gaz\/primes-pour-le-remplacement-dune-chaudiere\/","og_site_name":"Atlas Contr\u00f4le","article_publisher":"https:\/\/m.facebook.com\/Atlas-Controle-104305338008164","article_modified_time":"2024-09-23T13:32:52+00:00","twitter_card":"summary_large_image","twitter_misc":{"Geschatte leestijd":"2 minuten"},"schema":{"@context":"https:\/\/schema.org","@graph":[{"@type":"WebPage","@id":"https:\/\/www.atlascontrole.be\/controle-gaz\/primes-pour-le-remplacement-dune-chaudiere\/","url":"https:\/\/www.atlascontrole.be\/controle-gaz\/primes-pour-le-remplacement-dune-chaudiere\/","name":"Primes pour le remplacement d'une chaudi\u00e8re - Atlas Contr\u00f4le","isPartOf":{"@id":"https:\/\/www.atlascontrole.be\/#website"},"datePublished":"2020-08-11T22:11:44+00:00","dateModified":"2024-09-23T13:32:52+00:00","breadcrumb":{"@id":"https:\/\/www.atlascontrole.be\/controle-gaz\/primes-pour-le-remplacement-dune-chaudiere\/#breadcrumb"},"inLanguage":"nl-BE","potentialAction":[{"@type":"ReadAction","target":["https:\/\/www.atlascontrole.be\/controle-gaz\/primes-pour-le-remplacement-dune-chaudiere\/"]}]},{"@type":"BreadcrumbList","@id":"https:\/\/www.atlascontrole.be\/controle-gaz\/primes-pour-le-remplacement-dune-chaudiere\/#breadcrumb","itemListElement":[{"@type":"ListItem","position":1,"name":"Accueil","item":"https:\/\/www.atlascontrole.be\/"},{"@type":"ListItem","position":2,"name":"Contr\u00f4le gaz","item":"https:\/\/www.atlascontrole.be\/controle-gaz\/"},{"@type":"ListItem","position":3,"name":"Primes pour le remplacement d&#8217;une chaudi\u00e8re"}]},{"@type":"WebSite","@id":"https:\/\/www.atlascontrole.be\/#website","url":"https:\/\/www.atlascontrole.be\/","name":"Atlas Controle","description":"Uw partner voor uw cheques","publisher":{"@id":"https:\/\/www.atlascontrole.be\/#organization"},"potentialAction":[{"@type":"SearchAction","target":{"@type":"EntryPoint","urlTemplate":"https:\/\/www.atlascontrole.be\/?s={search_term_string}"},"query-input":{"@type":"PropertyValueSpecification","valueRequired":true,"valueName":"search_term_string"}}],"inLanguage":"nl-BE"},{"@type":"Organization","@id":"https:\/\/www.atlascontrole.be\/#organization","name":"Atlas Controle","url":"https:\/\/www.atlascontrole.be\/","logo":{"@type":"ImageObject","inLanguage":"nl-BE","@id":"https:\/\/www.atlascontrole.be\/#\/schema\/logo\/image\/","url":"https:\/\/www.atlascontrole.be\/wp-content\/uploads\/2020\/07\/logo_ac_color.webp","contentUrl":"https:\/\/www.atlascontrole.be\/wp-content\/uploads\/2020\/07\/logo_ac_color.webp","width":1192,"height":738,"caption":"Atlas Contr\u00f4le"},"image":{"@id":"https:\/\/www.atlascontrole.be\/#\/schema\/logo\/image\/"},"sameAs":["https:\/\/m.facebook.com\/Atlas-Controle-104305338008164","https:\/\/www.linkedin.com\/company\/65699655"]}]}},"_links":{"self":[{"href":"https:\/\/www.atlascontrole.be\/nl\/wp-json\/wp\/v2\/pages\/484","targetHints":{"allow":["GET"]}}],"collection":[{"href":"https:\/\/www.atlascontrole.be\/nl\/wp-json\/wp\/v2\/pages"}],"about":[{"href":"https:\/\/www.atlascontrole.be\/nl\/wp-json\/wp\/v2\/types\/page"}],"author":[{"embeddable":true,"href":"https:\/\/www.atlascontrole.be\/nl\/wp-json\/wp\/v2\/users\/1"}],"replies":[{"embeddable":true,"href":"https:\/\/www.atlascontrole.be\/nl\/wp-json\/wp\/v2\/comments?post=484"}],"version-history":[{"count":0,"href":"https:\/\/www.atlascontrole.be\/nl\/wp-json\/wp\/v2\/pages\/484\/revisions"}],"up":[{"embeddable":true,"href":"https:\/\/www.atlascontrole.be\/nl\/wp-json\/wp\/v2\/pages\/38"}],"wp:attachment":[{"href":"https:\/\/www.atlascontrole.be\/nl\/wp-json\/wp\/v2\/media?parent=484"}],"curies":[{"name":"wp","href":"https:\/\/api.w.org\/{rel}","templated":true}]}}