{"id":488,"date":"2020-08-31T00:06:16","date_gmt":"2020-08-30T22:06:16","guid":{"rendered":"https:\/\/www.atlascontrole.be\/?page_id=488"},"modified":"2025-12-18T16:54:21","modified_gmt":"2025-12-18T15:54:21","slug":"gaskeuring-brussel","status":"publish","type":"page","link":"https:\/\/www.atlascontrole.be\/nl\/controle-gaz\/controle-gaz-bruxelles\/","title":{"rendered":"Gascontrole in 1000 Brussel"},"content":{"rendered":"<div class=\"wpb-content-wrapper\"><div class=\"vc_row wpb_row row top-row wpb_custom_034b39d9bc6c6b310d69e39f0ccf274f\"><div class=\"vc_column_container col-md-12\"><div class=\"wpb_wrapper vc_column-inner\"><h2  class=\"vc_custom_heading vc_do_custom_heading wpb_custom_aa365bd5046e8294520b4e73732b9d15 align-left\" >Gas<\/h2>\r\n\t<div class=\"wpb_text_column wpb_content_element lead wpb_custom_7c91d232724f73626cc933bd95b25ff0\" >\r\n\t\t<div class=\"wpb_wrapper\">\r\n\t\t\t<p>Gascontrole in Brussel heeft tot doel de veiligheid van de installatie te garanderen. Het moet worden uitgevoerd door a <a href=\"https:\/\/www.atlascontrole.be\/index.php\/home\/controle-gaz\/organismes-inspection-gaz-butane-propane\/\">erkend organisme<\/a>.<\/p>\n<p>Het Brussels Gewest en Brussel vereisen conformiteitsattesten en gascontroles voor toeristische verhuur in Brussel of in het Brussels Gewest.<\/p>\n<p>Atlas Control is een Brusselse organisatie die actief is in heel Belgi\u00eb maar vooral in Brussel. Onze responstijden zijn verkort in Brussel.<\/p>\n\r\n\t\t<\/div>\r\n\t<\/div>\r\n<section class=\"vc_cta3-container\"><div class=\"vc_general vc_do_cta3 vc_cta3 vc_cta3-style-classic vc_cta3-shape-rounded vc_cta3-align-left vc_cta3-color-classic vc_cta3-icon-size-md\"><div class=\"vc_cta3_content-container\"><div class=\"vc_cta3-content\"><header class=\"vc_cta3-content-header\"><h2>Bestel uw gasbediening vanaf \u20ac 165<\/h2><\/header><p><a href=\"http:\/\/order.atlascontrole.be\">Stuur ons een bericht<\/a><\/p>\n<p>Contacteer ons op 02 726 6404<\/p>\n<\/div><\/div><\/div><\/section><\/div><\/div><\/div><div class=\"vc_row wpb_row row top-row wpb_custom_034b39d9bc6c6b310d69e39f0ccf274f\"><div class=\"vc_column_container col-md-12\"><div class=\"wpb_wrapper vc_column-inner\"><div class=\"vc_tta-container\" data-vc-action=\"collapse\"><div class=\"vc_general vc_tta vc_tta-tabs vc_tta-color-grey vc_tta-style-classic vc_tta-shape-rounded vc_tta-spacing-1 vc_tta-tabs-position-top vc_tta-controls-align-left\"><div class=\"vc_tta-tabs-container\"><ul class=\"vc_tta-tabs-list\" role=\"tablist\"><li class=\"vc_tta-tab vc_active\" data-vc-tab role=\"presentation\"><a href=\"#1591695513945-d982a471-c67d\" data-vc-tabs data-vc-container=\".vc_tta\" role=\"tab\" aria-selected=\"false\" id=\"tab-1591695513945-d982a471-c67d\"><i class=\"vc_tta-icon fas fa-tachometer-alt\"><\/i><span class=\"vc_tta-title-text\">Opening van de meter<\/span><\/a><\/li><li class=\"vc_tta-tab\" data-vc-tab role=\"presentation\"><a href=\"#1591695814285-58b27c82-cad1\" data-vc-tabs data-vc-container=\".vc_tta\" role=\"tab\" aria-selected=\"false\" id=\"tab-1591695814285-58b27c82-cad1\"><i class=\"vc_tta-icon fas fa-burn\"><\/i><span class=\"vc_tta-title-text\">Periodieke onderhoud<\/span><\/a><\/li><li class=\"vc_tta-tab\" data-vc-tab role=\"presentation\"><a href=\"#1593173038199-82814d6a-82d0\" data-vc-tabs data-vc-container=\".vc_tta\" role=\"tab\" aria-selected=\"false\" id=\"tab-1593173038199-82814d6a-82d0\"><i class=\"vc_tta-icon fas fa-file-alt\"><\/i><span class=\"vc_tta-title-text\">Normen<\/span><\/a><\/li><li class=\"vc_tta-tab\" data-vc-tab role=\"presentation\"><a href=\"#1598823748944-56f514f1-85a7\" data-vc-tabs data-vc-container=\".vc_tta\" role=\"tab\" aria-selected=\"false\" id=\"tab-1598823748944-56f514f1-85a7\"><i class=\"vc_tta-icon fas fa-hot-tub\"><\/i><span class=\"vc_tta-title-text\">PEB Verwarming ontvangst<\/span><\/a><\/li><\/ul><\/div><div class=\"vc_tta-panels-container\"><div class=\"vc_tta-panels\"><div class=\"vc_tta-panel vc_active\" id=\"1591695513945-d982a471-c67d\" data-vc-content=\".vc_tta-panel-body\"><div class=\"vc_tta-panel-heading\"><h4 class=\"vc_tta-panel-title\"><a href=\"#1591695513945-d982a471-c67d\" data-vc-accordion data-vc-container=\".vc_tta-container\"><i class=\"vc_tta-icon fas fa-tachometer-alt\"><\/i><span class=\"vc_tta-title-text\">Opening van de meter<\/span><\/a><\/h4><\/div><div class=\"vc_tta-panel-body\">\r\n\t<div class=\"wpb_text_column wpb_content_element wpb_custom_7c91d232724f73626cc933bd95b25ff0\" >\r\n\t\t<div class=\"wpb_wrapper\">\r\n\t\t\t<p>Inspectie van de gasinstallatie is verplicht v\u00f3\u00f3r elke meteropening door de GRD van Brussel en het Brussels Gewest (<a href=\"https:\/\/www.sibelga.be\/fr\/raccordements-et-compteurs\">Sibelga)<\/a><\/p>\n\r\n\t\t<\/div>\r\n\t<\/div>\r\n<div class=\"porto-toggles wpb_content_element  toggle-primary\"><section class=\"vc_do_toggle toggle  active\"><label>Prijzen voor Brussel<\/label><div class=\"toggle-content\"><p>Een meter openen in Brussel: \u20ac 165<\/p>\n<\/div><\/section><section class=\"vc_do_toggle toggle\"><label>Wat zijn de specifieke kenmerken van meteropeningen in Brussel?<\/label><div class=\"toggle-content\"><p>Na talrijke ongevallen met niet-conforme installaties, vereisen het Brussels Gewest en Brussel, via hun gasdistributienetbeheerder, een gascontrole voordat een gasmeter wordt geopend.<\/p>\n<p>Omdat de woningen in Brussel uit oude gebouwen en gasinstallaties bestaan, moet bijzondere aandacht aan de gasinstallatie worden besteed om tijdens de gasinspectie aan de eisen te voldoen.<\/p>\n<\/div><\/section><\/div><\/div><\/div><div class=\"vc_tta-panel\" id=\"1591695814285-58b27c82-cad1\" data-vc-content=\".vc_tta-panel-body\"><div class=\"vc_tta-panel-heading\"><h4 class=\"vc_tta-panel-title\"><a href=\"#1591695814285-58b27c82-cad1\" data-vc-accordion data-vc-container=\".vc_tta-container\"><i class=\"vc_tta-icon fas fa-burn\"><\/i><span class=\"vc_tta-title-text\">Periodieke onderhoud<\/span><\/a><\/h4><\/div><div class=\"vc_tta-panel-body\">\r\n\t<div class=\"wpb_text_column wpb_content_element wpb_custom_7c91d232724f73626cc933bd95b25ff0\" >\r\n\t\t<div class=\"wpb_wrapper\">\r\n\t\t\t<p>Periodieke inspectie van de gasinstallatie in Brussel is om verschillende redenen noodzakelijk:<\/p>\n<ul>\n<li>Zorg ervoor dat uw installatie veilig is<\/li>\n<li>Te krijgen <a href=\"https:\/\/environnement.brussels\/citoyen\/services-et-demandes\/primes-et-aides-financieres\/autres-primes-et-avantages-pour-les-citoyens?gad_source=1&amp;gad_campaignid=23259922980&amp;gbraid=0AAAAAp51Sd6sgTMrD3g5pBr_qqBySsCrC\">Brusselse milieubonussen\u00a0<\/a><\/li>\n<li>Om zijn activiteit als handelaar uit te oefenen<\/li>\n<li>Om uw huis of bedrijf te verzekeren<\/li>\n<li>Om een vermogensverhoging aan te vragen<\/li>\n<\/ul>\n\r\n\t\t<\/div>\r\n\t<\/div>\r\n<div class=\"porto-toggles wpb_content_element\"><section class=\"vc_do_toggle toggle  active\"><label>Tarieven<\/label><div class=\"toggle-content\"><p>Periodieke keuring: \u20ac165<\/p>\n<p>Ontdek ook onze gecombineerde aanbiedingen.<\/p>\n<\/div><\/section><section class=\"vc_do_toggle toggle\"><label>Wat controleren wij?<\/label><div class=\"toggle-content\"><p>Tijdens zijn bezoek zal onze inspecteur de volgende punten controleren :<\/p>\n<ol>\n<li>Het afdichten van gasleidingen en de conformiteit van de installatie.<\/li>\n<li>Aansluiting van alle verbrandingstoestellen (ketel, kookplaat, kachel enz)<\/li>\n<li>Alle gasafvoerleidingen en hun conformiteit afhankelijk van de apparaten.<\/li>\n<li>De verluchting van het lokaal waarin de gastoestellen zijn ge\u00efnstalleerd.<\/li>\n<\/ol>\n<\/div><\/section><section class=\"vc_do_toggle toggle\"><label>Wat moet worden voorzien?<\/label><div class=\"toggle-content\"><ol>\n<li>Contactgegevens van de eigenaar van de installatie en de persoon die verantwoordelijk is voor de werkzaamheden bezorgen.<\/li>\n<li>Indien beschikbaar het gasinstallatieschema<\/li>\n<li>Indien beschikbaar, de EAN-code die de gasinstallatieaansluiting identificeert, weergegeven op de factuur.<\/li>\n<\/ol>\n<\/div><\/section><section class=\"vc_do_toggle toggle\"><label>Wanneer moet een periodieke onderhoud uitgevoerd worden?<\/label><div class=\"toggle-content\"><p>Verkoop van een woning: Het is niet verplicht om de installatie te laten keuren. Toch kan het voor de toekomstige koper verstandig zijn om de installatie te laten controleren op veiligheid.<\/p>\n<p>Toeristische verhuur: Wanneer u uw woning (airbnb, pension) verhuurt, is het verplicht om de gasinstallatie te laten controleren. Voor het ontvangen van verhuurvergunningen moet een rapport van minder dan twee jaar worden verstrekt.<\/p>\n<p>Langetermijnverhuur: het is niet verplicht om uw installatie te laten controleren, maar het is ook interessant om een gelijkvormigheidsattest aan uw huurder te bezorgen, zodat u niet aansprakelijk bent bij een ongeval.<\/p>\n<\/div><\/section><\/div><\/div><\/div><div class=\"vc_tta-panel\" id=\"1593173038199-82814d6a-82d0\" data-vc-content=\".vc_tta-panel-body\"><div class=\"vc_tta-panel-heading\"><h4 class=\"vc_tta-panel-title\"><a href=\"#1593173038199-82814d6a-82d0\" data-vc-accordion data-vc-container=\".vc_tta-container\"><i class=\"vc_tta-icon fas fa-file-alt\"><\/i><span class=\"vc_tta-title-text\">Normen<\/span><\/a><\/h4><\/div><div class=\"vc_tta-panel-body\">\r\n\t<div class=\"wpb_text_column wpb_content_element wpb_custom_7c91d232724f73626cc933bd95b25ff0\" >\r\n\t\t<div class=\"wpb_wrapper\">\r\n\t\t\t<p>De toepassingsnormen zijn als volgt:<\/p>\n<p><a href=\"https:\/\/www.cstc.be\/homepage\/index.cfm?cat=services&amp;sub=standards_regulations&amp;pag=list&amp;art=search&amp;id=REF00006822\">NBN B61-001<\/a> Verwarmingssystemen in gebouwen \u2013 Ontwerpen van stookafdelingen \u2013 Totaal nominaal vermogen groter dan 70 kW.<\/p>\n<p><a href=\"https:\/\/www.cstc.be\/homepage\/index.cfm?cat=services&amp;sub=standards_regulations&amp;pag=list&amp;art=search&amp;id=REF00010609\">NBN B61-002<\/a> Verwarmingssystemen in gebouwen \u2013 Ontwerpen van stookafdelingen \u2013 Totaal nominaal vermogen kleiner dan 70 kW.<\/p>\n<p><a href=\"https:\/\/www.cstc.be\/homepage\/index.cfm?cat=services&amp;sub=standards_regulations&amp;pag=list&amp;art=search&amp;id=REF00000077\">NBN D51-003<\/a>\u00a0Binneninstallaties voorzien van aardgas en plaatsing van gebruikersapparatuur \u2013 Algemene bepalingen.<\/p>\n<p><a href=\"https:\/\/www.cstc.be\/homepage\/index.cfm?cat=services&amp;sub=standards_regulations&amp;pag=list&amp;art=search&amp;id=CSTC18136\">NBN D51-004<\/a> Installaties die worden gevoed met brandbaar gas dat lichter is dan lucht en dat via leidingen wordt gedistribueerd \u2013 Speciale installaties<\/p>\n<p><a href=\"https:\/\/www.cstc.be\/homepage\/index.cfm?cat=services&amp;sub=standards_regulations&amp;pag=list&amp;art=search&amp;id=CSTC103087\">NBN D51-006<\/a> Gasinstallaties voor commercieel butaan of commercieel propaan in ontspannen gasfase met een maximum werkdruk\u00a0<small class=\"text-muted\">(MOP)<\/small>\u00a0van 5 bar.<\/p>\n\r\n\t\t<\/div>\r\n\t<\/div>\r\n<div class=\"porto-toggles wpb_content_element\"><section class=\"vc_do_toggle toggle\"><label>Waar vind je een samenvatting van normen<\/label><div class=\"toggle-content\"><p>Atlas Controle bouwt een toegankelijke cursus om de basisbeginselen van standaarden te leren. Kom hier heel snel terug.<\/p>\n<\/div><\/section><section class=\"vc_do_toggle toggle\"><label>Ingebruikneming van een stookruimte of ge\u00efnstalleerde capaciteit &gt; 400 kW<\/label><div class=\"toggle-content\"><p>In Walloni\u00eb moet de aanvaarding van een stookruimte met een ge\u00efnstalleerd vermogen groter dan 400 kW worden uitgevoerd door een <a href=\"https:\/\/economie.fgov.be\/fr\/themes\/qualite-securite\/accreditation-belac\/organismes-accredites\/organismes-dinspection-insp\">erkende keuringsinstelling.<\/a> (AGW van 29\/01\/2009, art.11, \u00a72)<\/p>\n<\/div><\/section><\/div><\/div><\/div><div class=\"vc_tta-panel\" id=\"1598823748944-56f514f1-85a7\" data-vc-content=\".vc_tta-panel-body\"><div class=\"vc_tta-panel-heading\"><h4 class=\"vc_tta-panel-title\"><a href=\"#1598823748944-56f514f1-85a7\" data-vc-accordion data-vc-container=\".vc_tta-container\"><i class=\"vc_tta-icon fas fa-hot-tub\"><\/i><span class=\"vc_tta-title-text\">PEB Verwarming ontvangst<\/span><\/a><\/h4><\/div><div class=\"vc_tta-panel-body\">\r\n\t<div class=\"wpb_text_column wpb_content_element wpb_custom_7c91d232724f73626cc933bd95b25ff0\" >\r\n\t\t<div class=\"wpb_wrapper\">\r\n\t\t\t<p>Elke regio definieert zijn milieuregels. In Brussel en in het hele Brusselse Gewest zijn de gewestelijke regels streng om onnodig gasverbruik door de ketels te beperken.<\/p>\n<p>Deze normen verschillen naargelang het ge\u00efnstalleerde vermogen van de gastoestellen.<\/p>\n<p>Alle gasinstallaties moeten voldoen aan: <a href=\"https:\/\/energie.wallonie.be\/fr\/controle-periodique-et-diagnostic-approfondi-des-chaudieres.html?IDC=8603&amp;IDD=125879\">het EPB verwarmingsreglement voor het Brussels Gewest.<\/a><\/p>\n\r\n\t\t<\/div>\r\n\t<\/div>\r\n<\/div><\/div><\/div><\/div><\/div><\/div><\/div><\/div><\/div>\n<\/div>","protected":false},"excerpt":{"rendered":"Gaz Le contr\u00f4le gaz \u00e0 Bruxelles vise \u00e0 garantir la s\u00e9curit\u00e9 de l'installation. Il doit \u00eatre r\u00e9alis\u00e9 par un organisme agr\u00e9\u00e9. La r\u00e9gion Bruxelloise et Bruxelles exigent des certificats de conformit\u00e9 et des contr\u00f4les gaz pour la mise en location touristique \u00e0 Bruxelles ou dans la r\u00e9gion bruxelloise. Atlas Contr\u00f4le est un organisme Bruxellois travaillant [...]","protected":false},"author":1,"featured_media":0,"parent":38,"menu_order":0,"comment_status":"closed","ping_status":"closed","template":"","meta":{"footnotes":""},"class_list":["post-488","page","type-page","status-publish","hentry"],"yoast_head":"<!-- This site is optimized with the Yoast SEO Premium plugin v27.4 (Yoast SEO v27.4) - https:\/\/yoast.com\/product\/yoast-seo-premium-wordpress\/ -->\n<title>Contr\u00f4le Gaz \u00e0 1000 Bruxelles - Atlas Contr\u00f4le<\/title>\n<meta name=\"description\" content=\"Organisme d&#039;inspection bruxellois. Contr\u00f4les gaz rapide. Ouverture de compteur et contr\u00f4les p\u00e9riodiques.\" \/>\n<meta name=\"robots\" content=\"index, follow, max-snippet:-1, max-image-preview:large, max-video-preview:-1\" \/>\n<link rel=\"canonical\" href=\"https:\/\/www.atlascontrole.be\/nl\/gaskeuring\/gaskeuring-brussel\/\" \/>\n<meta property=\"og:locale\" content=\"nl_BE\" \/>\n<meta property=\"og:type\" content=\"article\" \/>\n<meta property=\"og:title\" content=\"Contr\u00f4le Gaz \u00e0 1000 Bruxelles\" \/>\n<meta property=\"og:url\" content=\"https:\/\/www.atlascontrole.be\/nl\/gaskeuring\/gaskeuring-brussel\/\" \/>\n<meta property=\"og:site_name\" content=\"Atlas Contr\u00f4le\" \/>\n<meta property=\"article:publisher\" content=\"https:\/\/m.facebook.com\/Atlas-Controle-104305338008164\" \/>\n<meta property=\"article:modified_time\" content=\"2025-12-18T15:54:21+00:00\" \/>\n<meta name=\"twitter:card\" content=\"summary_large_image\" \/>\n<meta name=\"twitter:label1\" content=\"Geschatte leestijd\" \/>\n\t<meta name=\"twitter:data1\" content=\"4 minuten\" \/>\n<script type=\"application\/ld+json\" class=\"yoast-schema-graph\">{\"@context\":\"https:\\\/\\\/schema.org\",\"@graph\":[{\"@type\":\"WebPage\",\"@id\":\"https:\\\/\\\/www.atlascontrole.be\\\/controle-gaz\\\/controle-gaz-bruxelles\\\/\",\"url\":\"https:\\\/\\\/www.atlascontrole.be\\\/controle-gaz\\\/controle-gaz-bruxelles\\\/\",\"name\":\"Contr\u00f4le Gaz \u00e0 1000 Bruxelles - Atlas Contr\u00f4le\",\"isPartOf\":{\"@id\":\"https:\\\/\\\/www.atlascontrole.be\\\/#website\"},\"datePublished\":\"2020-08-30T22:06:16+00:00\",\"dateModified\":\"2025-12-18T15:54:21+00:00\",\"description\":\"Organisme d'inspection bruxellois. Contr\u00f4les gaz rapide. Ouverture de compteur et contr\u00f4les p\u00e9riodiques.\",\"breadcrumb\":{\"@id\":\"https:\\\/\\\/www.atlascontrole.be\\\/controle-gaz\\\/controle-gaz-bruxelles\\\/#breadcrumb\"},\"inLanguage\":\"nl-BE\",\"potentialAction\":[{\"@type\":\"ReadAction\",\"target\":[\"https:\\\/\\\/www.atlascontrole.be\\\/controle-gaz\\\/controle-gaz-bruxelles\\\/\"]}]},{\"@type\":\"BreadcrumbList\",\"@id\":\"https:\\\/\\\/www.atlascontrole.be\\\/controle-gaz\\\/controle-gaz-bruxelles\\\/#breadcrumb\",\"itemListElement\":[{\"@type\":\"ListItem\",\"position\":1,\"name\":\"Accueil\",\"item\":\"https:\\\/\\\/www.atlascontrole.be\\\/\"},{\"@type\":\"ListItem\",\"position\":2,\"name\":\"Contr\u00f4le gaz\",\"item\":\"https:\\\/\\\/www.atlascontrole.be\\\/controle-gaz\\\/\"},{\"@type\":\"ListItem\",\"position\":3,\"name\":\"Contr\u00f4le Gaz \u00e0 1000 Bruxelles\"}]},{\"@type\":\"WebSite\",\"@id\":\"https:\\\/\\\/www.atlascontrole.be\\\/#website\",\"url\":\"https:\\\/\\\/www.atlascontrole.be\\\/\",\"name\":\"Atlas Contr\u00f4le\",\"description\":\"Votre partenaire pour vos contr\u00f4les\",\"publisher\":{\"@id\":\"https:\\\/\\\/www.atlascontrole.be\\\/#organization\"},\"potentialAction\":[{\"@type\":\"SearchAction\",\"target\":{\"@type\":\"EntryPoint\",\"urlTemplate\":\"https:\\\/\\\/www.atlascontrole.be\\\/?s={search_term_string}\"},\"query-input\":{\"@type\":\"PropertyValueSpecification\",\"valueRequired\":true,\"valueName\":\"search_term_string\"}}],\"inLanguage\":\"nl-BE\"},{\"@type\":[\"Organization\",\"Place\"],\"@id\":\"https:\\\/\\\/www.atlascontrole.be\\\/#organization\",\"name\":\"Atlas Contr\u00f4le\",\"url\":\"https:\\\/\\\/www.atlascontrole.be\\\/\",\"logo\":{\"@type\":\"ImageObject\",\"inLanguage\":\"nl-BE\",\"@id\":\"https:\\\/\\\/www.atlascontrole.be\\\/#\\\/schema\\\/logo\\\/image\\\/\",\"url\":\"https:\\\/\\\/www.atlascontrole.be\\\/wp-content\\\/uploads\\\/2020\\\/07\\\/logo_ac_color.webp\",\"contentUrl\":\"https:\\\/\\\/www.atlascontrole.be\\\/wp-content\\\/uploads\\\/2020\\\/07\\\/logo_ac_color.webp\",\"width\":1192,\"height\":738,\"caption\":\"Atlas Contr\u00f4le\"},\"image\":{\"@id\":\"https:\\\/\\\/www.atlascontrole.be\\\/#\\\/schema\\\/logo\\\/image\\\/\"},\"sameAs\":[\"https:\\\/\\\/m.facebook.com\\\/Atlas-Controle-104305338008164\",\"https:\\\/\\\/www.linkedin.com\\\/company\\\/65699655\"],\"mainEntityOfPage\":{\"@id\":\"https:\\\/\\\/www.atlascontrole.be\\\/controle-gaz\\\/controle-gaz-bruxelles\\\/\"}}]}<\/script>\n<!-- \/ Yoast SEO Premium plugin. -->","yoast_head_json":{"title":"Gaskeuring Brussel 1000 | Atlas Contr\u00f4le","description":"Inspectie-instantie van Brussel. Snelle gascontroles. Meteractivering en periodieke controles.","robots":{"index":"index","follow":"follow","max-snippet":"max-snippet:-1","max-image-preview":"max-image-preview:large","max-video-preview":"max-video-preview:-1"},"canonical":"https:\/\/www.atlascontrole.be\/nl\/gaskeuring\/gaskeuring-brussel\/","og_locale":"nl_BE","og_type":"article","og_title":"Contr\u00f4le Gaz \u00e0 1000 Bruxelles","og_url":"https:\/\/www.atlascontrole.be\/nl\/gaskeuring\/gaskeuring-brussel\/","og_site_name":"Atlas Contr\u00f4le","article_publisher":"https:\/\/m.facebook.com\/Atlas-Controle-104305338008164","article_modified_time":"2025-12-18T15:54:21+00:00","twitter_card":"summary_large_image","twitter_misc":{"Geschatte leestijd":"4 minuten"},"schema":{"@context":"https:\/\/schema.org","@graph":[{"@type":"WebPage","@id":"https:\/\/www.atlascontrole.be\/controle-gaz\/controle-gaz-bruxelles\/","url":"https:\/\/www.atlascontrole.be\/controle-gaz\/controle-gaz-bruxelles\/","name":"Gaskeuring Brussel 1000 | Atlas Contr\u00f4le","isPartOf":{"@id":"https:\/\/www.atlascontrole.be\/#website"},"datePublished":"2020-08-30T22:06:16+00:00","dateModified":"2025-12-18T15:54:21+00:00","description":"Inspectie-instantie van Brussel. Snelle gascontroles. Meteractivering en periodieke controles.","breadcrumb":{"@id":"https:\/\/www.atlascontrole.be\/controle-gaz\/controle-gaz-bruxelles\/#breadcrumb"},"inLanguage":"nl-BE","potentialAction":[{"@type":"ReadAction","target":["https:\/\/www.atlascontrole.be\/controle-gaz\/controle-gaz-bruxelles\/"]}]},{"@type":"BreadcrumbList","@id":"https:\/\/www.atlascontrole.be\/controle-gaz\/controle-gaz-bruxelles\/#breadcrumb","itemListElement":[{"@type":"ListItem","position":1,"name":"Accueil","item":"https:\/\/www.atlascontrole.be\/"},{"@type":"ListItem","position":2,"name":"Contr\u00f4le gaz","item":"https:\/\/www.atlascontrole.be\/controle-gaz\/"},{"@type":"ListItem","position":3,"name":"Contr\u00f4le Gaz \u00e0 1000 Bruxelles"}]},{"@type":"WebSite","@id":"https:\/\/www.atlascontrole.be\/#website","url":"https:\/\/www.atlascontrole.be\/","name":"Atlas Contr\u00f4le","description":"Uw partner voor uw cheques","publisher":{"@id":"https:\/\/www.atlascontrole.be\/#organization"},"potentialAction":[{"@type":"SearchAction","target":{"@type":"EntryPoint","urlTemplate":"https:\/\/www.atlascontrole.be\/?s={search_term_string}"},"query-input":{"@type":"PropertyValueSpecification","valueRequired":true,"valueName":"search_term_string"}}],"inLanguage":"nl-BE"},{"@type":["Organization","Place"],"@id":"https:\/\/www.atlascontrole.be\/#organization","name":"Atlas Contr\u00f4le","url":"https:\/\/www.atlascontrole.be\/","logo":{"@type":"ImageObject","inLanguage":"nl-BE","@id":"https:\/\/www.atlascontrole.be\/#\/schema\/logo\/image\/","url":"https:\/\/www.atlascontrole.be\/wp-content\/uploads\/2020\/07\/logo_ac_color.webp","contentUrl":"https:\/\/www.atlascontrole.be\/wp-content\/uploads\/2020\/07\/logo_ac_color.webp","width":1192,"height":738,"caption":"Atlas Contr\u00f4le"},"image":{"@id":"https:\/\/www.atlascontrole.be\/#\/schema\/logo\/image\/"},"sameAs":["https:\/\/m.facebook.com\/Atlas-Controle-104305338008164","https:\/\/www.linkedin.com\/company\/65699655"],"mainEntityOfPage":{"@id":"https:\/\/www.atlascontrole.be\/controle-gaz\/controle-gaz-bruxelles\/"}}]}},"_links":{"self":[{"href":"https:\/\/www.atlascontrole.be\/nl\/wp-json\/wp\/v2\/pages\/488","targetHints":{"allow":["GET"]}}],"collection":[{"href":"https:\/\/www.atlascontrole.be\/nl\/wp-json\/wp\/v2\/pages"}],"about":[{"href":"https:\/\/www.atlascontrole.be\/nl\/wp-json\/wp\/v2\/types\/page"}],"author":[{"embeddable":true,"href":"https:\/\/www.atlascontrole.be\/nl\/wp-json\/wp\/v2\/users\/1"}],"replies":[{"embeddable":true,"href":"https:\/\/www.atlascontrole.be\/nl\/wp-json\/wp\/v2\/comments?post=488"}],"version-history":[{"count":0,"href":"https:\/\/www.atlascontrole.be\/nl\/wp-json\/wp\/v2\/pages\/488\/revisions"}],"up":[{"embeddable":true,"href":"https:\/\/www.atlascontrole.be\/nl\/wp-json\/wp\/v2\/pages\/38"}],"wp:attachment":[{"href":"https:\/\/www.atlascontrole.be\/nl\/wp-json\/wp\/v2\/media?parent=488"}],"curies":[{"name":"wp","href":"https:\/\/api.w.org\/{rel}","templated":true}]}}